{"id":1488,"date":"2021-04-06T14:24:57","date_gmt":"2021-04-06T12:24:57","guid":{"rendered":"https:\/\/serch.es\/natural-horsemanship\/"},"modified":"2021-04-06T14:24:58","modified_gmt":"2021-04-06T12:24:58","slug":"natural-horsemanship","status":"publish","type":"page","link":"https:\/\/serch.es\/de\/natural-horsemanship\/","title":{"rendered":"Natural Horsemanship"},"content":{"rendered":"\t\t<div data-elementor-type=\"wp-page\" data-elementor-id=\"1488\" class=\"elementor elementor-1488 elementor-1472\">\n\t\t\t\t\t\t<section class=\"elementor-section elementor-top-section elementor-element elementor-element-35b03f24 elementor-section-boxed elementor-section-height-default elementor-section-height-default\" data-id=\"35b03f24\" data-element_type=\"section\" data-e-type=\"section\">\n\t\t\t\t\t\t<div class=\"elementor-container elementor-column-gap-default\">\n\t\t\t\t\t<div class=\"elementor-column elementor-col-100 elementor-top-column elementor-element elementor-element-5fd53fb8\" data-id=\"5fd53fb8\" data-element_type=\"column\" data-e-type=\"column\">\n\t\t\t<div class=\"elementor-widget-wrap elementor-element-populated\">\n\t\t\t\t\t\t<div class=\"elementor-element elementor-element-4545a9f7 elementor-widget elementor-widget-heading\" data-id=\"4545a9f7\" data-element_type=\"widget\" data-e-type=\"widget\" data-widget_type=\"heading.default\">\n\t\t\t\t<div class=\"elementor-widget-container\">\n\t\t\t\t\t<h2 class=\"elementor-heading-title elementor-size-default\">Natural Horsemanship<\/h2>\t\t\t\t<\/div>\n\t\t\t\t<\/div>\n\t\t\t\t<div class=\"elementor-element elementor-element-73bba591 elementor-widget elementor-widget-text-editor\" data-id=\"73bba591\" data-element_type=\"widget\" data-e-type=\"widget\" data-widget_type=\"text-editor.default\">\n\t\t\t\t<div class=\"elementor-widget-container\">\n\t\t\t\t\t\t\t\t\t<p>Wir praktizieren und lehren Kummunikations- und Bindungstraining mit den geretteten Pferden von SEARCH und helfen den Sch\u00fclern, die Pferde sowie sich selbst, besser verstehen zu lernen. Dies resultiert h\u00e4ufig in einer lebensver\u00e4ndernden Erfahrung, sowohl f\u00fcr den Menschen, als auch f\u00fcr die Pferde. Im Kommunikationstraining geht es darum, eine tiefe Bindung aufzubauen &#8211; eine Beziehung zwischen Mensch und Pferd, sodass dieses bereit ist freiwillig zu kooperieren. Dies steht im Gegensatz zu den herk\u00f6mmlichen Trainingsarten, in denen es zu h\u00e4ufig darum geht, das Pferd durch Gewalt gef\u00fcgig zu machen. Sensibilit\u00e4t, Geduld und Liebe sind notwendig, genau so wie Energie\u00fcbertragung und bewusste K\u00f6rpersprache. Pferde verstehen und reagieren auf ehrliche Kommunikation, dabei ist die Bildung einer Einheit das Ziel.<\/p>\n\t\t\t\t\t\t\t\t<\/div>\n\t\t\t\t<\/div>\n\t\t\t\t<div class=\"elementor-element elementor-element-4090fdc8 elementor-widget elementor-widget-image\" data-id=\"4090fdc8\" data-element_type=\"widget\" data-e-type=\"widget\" data-widget_type=\"image.default\">\n\t\t\t\t<div class=\"elementor-widget-container\">\n\t\t\t\t\t\t\t\t\t\t\t\t\t\t\t<img fetchpriority=\"high\" decoding=\"async\" width=\"1280\" height=\"720\" src=\"https:\/\/serch.es\/wp-content\/uploads\/2021\/04\/search-natural-horsemanship.jpg\" class=\"attachment-full size-full wp-image-1475\" alt=\"\" srcset=\"https:\/\/serch.es\/wp-content\/uploads\/2021\/04\/search-natural-horsemanship.jpg 1280w, https:\/\/serch.es\/wp-content\/uploads\/2021\/04\/search-natural-horsemanship-300x169.jpg 300w, https:\/\/serch.es\/wp-content\/uploads\/2021\/04\/search-natural-horsemanship-1024x576.jpg 1024w, https:\/\/serch.es\/wp-content\/uploads\/2021\/04\/search-natural-horsemanship-768x432.jpg 768w\" sizes=\"(max-width: 1280px) 100vw, 1280px\" \/>\t\t\t\t\t\t\t\t\t\t\t\t\t\t\t<\/div>\n\t\t\t\t<\/div>\n\t\t\t\t\t<\/div>\n\t\t<\/div>\n\t\t\t\t\t<\/div>\n\t\t<\/section>\n\t\t\t\t<\/div>\n\t\t","protected":false},"excerpt":{"rendered":"<p>Natural Horsemanship Wir praktizieren und lehren Kummunikations- und Bindungstraining mit den geretteten Pferden von SEARCH und helfen den Sch\u00fclern, die Pferde sowie sich selbst, besser verstehen zu lernen. Dies resultiert h\u00e4ufig in einer lebensver\u00e4ndernden Erfahrung, sowohl f\u00fcr den Menschen, als auch f\u00fcr die Pferde. Im Kommunikationstraining geht es darum, eine tiefe Bindung aufzubauen &#8211; eine [&hellip;]<\/p>\n","protected":false},"author":1,"featured_media":0,"parent":0,"menu_order":0,"comment_status":"closed","ping_status":"closed","template":"","meta":{"_monsterinsights_skip_tracking":false,"_monsterinsights_sitenote_active":false,"_monsterinsights_sitenote_note":"","_monsterinsights_sitenote_category":0,"site-sidebar-layout":"no-sidebar","site-content-layout":"page-builder","ast-site-content-layout":"default","site-content-style":"default","site-sidebar-style":"default","ast-global-header-display":"","ast-banner-title-visibility":"","ast-main-header-display":"","ast-hfb-above-header-display":"","ast-hfb-below-header-display":"","ast-hfb-mobile-header-display":"","site-post-title":"disabled","ast-breadcrumbs-content":"","ast-featured-img":"disabled","footer-sml-layout":"","ast-disable-related-posts":"","theme-transparent-header-meta":"default","adv-header-id-meta":"","stick-header-meta":"","header-above-stick-meta":"","header-main-stick-meta":"","header-below-stick-meta":"","astra-migrate-meta-layouts":"default","ast-page-background-enabled":"default","ast-page-background-meta":{"desktop":{"background-color":"","background-image":"","background-repeat":"repeat","background-position":"center center","background-size":"auto","background-attachment":"scroll","background-type":"","background-media":"","overlay-type":"","overlay-color":"","overlay-opacity":"","overlay-gradient":""},"tablet":{"background-color":"","background-image":"","background-repeat":"repeat","background-position":"center center","background-size":"auto","background-attachment":"scroll","background-type":"","background-media":"","overlay-type":"","overlay-color":"","overlay-opacity":"","overlay-gradient":""},"mobile":{"background-color":"","background-image":"","background-repeat":"repeat","background-position":"center center","background-size":"auto","background-attachment":"scroll","background-type":"","background-media":"","overlay-type":"","overlay-color":"","overlay-opacity":"","overlay-gradient":""}},"ast-content-background-meta":{"desktop":{"background-color":"var(--ast-global-color-5)","background-image":"","background-repeat":"repeat","background-position":"center center","background-size":"auto","background-attachment":"scroll","background-type":"","background-media":"","overlay-type":"","overlay-color":"","overlay-opacity":"","overlay-gradient":""},"tablet":{"background-color":"var(--ast-global-color-5)","background-image":"","background-repeat":"repeat","background-position":"center center","background-size":"auto","background-attachment":"scroll","background-type":"","background-media":"","overlay-type":"","overlay-color":"","overlay-opacity":"","overlay-gradient":""},"mobile":{"background-color":"var(--ast-global-color-5)","background-image":"","background-repeat":"repeat","background-position":"center center","background-size":"auto","background-attachment":"scroll","background-type":"","background-media":"","overlay-type":"","overlay-color":"","overlay-opacity":"","overlay-gradient":""}},"footnotes":""},"class_list":["post-1488","page","type-page","status-publish","hentry"],"yoast_head":"<!-- This site is optimized with the Yoast SEO plugin v27.4 - https:\/\/yoast.com\/product\/yoast-seo-wordpress\/ -->\n<title>Natural Horsemanship - S.E.A.R.C.H.<\/title>\n<meta name=\"robots\" content=\"index, follow, max-snippet:-1, max-image-preview:large, max-video-preview:-1\" \/>\n<link rel=\"canonical\" href=\"https:\/\/serch.es\/de\/natural-horsemanship\/\" \/>\n<meta property=\"og:locale\" content=\"de_DE\" \/>\n<meta property=\"og:type\" content=\"article\" \/>\n<meta property=\"og:title\" content=\"Natural Horsemanship - S.E.A.R.C.H.\" \/>\n<meta property=\"og:description\" content=\"Natural Horsemanship Wir praktizieren und lehren Kummunikations- und Bindungstraining mit den geretteten Pferden von SEARCH und helfen den Sch\u00fclern, die Pferde sowie sich selbst, besser verstehen zu lernen. Dies resultiert h\u00e4ufig in einer lebensver\u00e4ndernden Erfahrung, sowohl f\u00fcr den Menschen, als auch f\u00fcr die Pferde. Im Kommunikationstraining geht es darum, eine tiefe Bindung aufzubauen &#8211; eine [&hellip;]\" \/>\n<meta property=\"og:url\" content=\"https:\/\/serch.es\/de\/natural-horsemanship\/\" \/>\n<meta property=\"og:site_name\" content=\"S.E.A.R.C.H.\" \/>\n<meta property=\"article:publisher\" content=\"https:\/\/www.facebook.com\/SpanishEquineAssociation\/\" \/>\n<meta property=\"article:modified_time\" content=\"2021-04-06T12:24:58+00:00\" \/>\n<meta property=\"og:image\" content=\"https:\/\/serch.es\/wp-content\/uploads\/2021\/04\/search-natural-horsemanship.jpg\" \/>\n<meta name=\"twitter:card\" content=\"summary_large_image\" \/>\n<meta name=\"twitter:label1\" content=\"Gesch\u00e4tzte Lesezeit\" \/>\n\t<meta name=\"twitter:data1\" content=\"1\u00a0Minute\" \/>\n<script type=\"application\/ld+json\" class=\"yoast-schema-graph\">{\"@context\":\"https:\\\/\\\/schema.org\",\"@graph\":[{\"@type\":\"WebPage\",\"@id\":\"https:\\\/\\\/serch.es\\\/de\\\/natural-horsemanship\\\/\",\"url\":\"https:\\\/\\\/serch.es\\\/de\\\/natural-horsemanship\\\/\",\"name\":\"Natural Horsemanship - S.E.A.R.C.H.\",\"isPartOf\":{\"@id\":\"https:\\\/\\\/serch.es\\\/de\\\/#website\"},\"primaryImageOfPage\":{\"@id\":\"https:\\\/\\\/serch.es\\\/de\\\/natural-horsemanship\\\/#primaryimage\"},\"image\":{\"@id\":\"https:\\\/\\\/serch.es\\\/de\\\/natural-horsemanship\\\/#primaryimage\"},\"thumbnailUrl\":\"https:\\\/\\\/serch.es\\\/wp-content\\\/uploads\\\/2021\\\/04\\\/search-natural-horsemanship.jpg\",\"datePublished\":\"2021-04-06T12:24:57+00:00\",\"dateModified\":\"2021-04-06T12:24:58+00:00\",\"breadcrumb\":{\"@id\":\"https:\\\/\\\/serch.es\\\/de\\\/natural-horsemanship\\\/#breadcrumb\"},\"inLanguage\":\"de\",\"potentialAction\":[{\"@type\":\"ReadAction\",\"target\":[\"https:\\\/\\\/serch.es\\\/de\\\/natural-horsemanship\\\/\"]}]},{\"@type\":\"ImageObject\",\"inLanguage\":\"de\",\"@id\":\"https:\\\/\\\/serch.es\\\/de\\\/natural-horsemanship\\\/#primaryimage\",\"url\":\"https:\\\/\\\/serch.es\\\/wp-content\\\/uploads\\\/2021\\\/04\\\/search-natural-horsemanship.jpg\",\"contentUrl\":\"https:\\\/\\\/serch.es\\\/wp-content\\\/uploads\\\/2021\\\/04\\\/search-natural-horsemanship.jpg\"},{\"@type\":\"BreadcrumbList\",\"@id\":\"https:\\\/\\\/serch.es\\\/de\\\/natural-horsemanship\\\/#breadcrumb\",\"itemListElement\":[{\"@type\":\"ListItem\",\"position\":1,\"name\":\"Home\",\"item\":\"https:\\\/\\\/serch.es\\\/de\\\/\"},{\"@type\":\"ListItem\",\"position\":2,\"name\":\"Natural Horsemanship\"}]},{\"@type\":\"WebSite\",\"@id\":\"https:\\\/\\\/serch.es\\\/de\\\/#website\",\"url\":\"https:\\\/\\\/serch.es\\\/de\\\/\",\"name\":\"S.E.A.R.C.H.\",\"description\":\"\",\"publisher\":{\"@id\":\"https:\\\/\\\/serch.es\\\/de\\\/#organization\"},\"potentialAction\":[{\"@type\":\"SearchAction\",\"target\":{\"@type\":\"EntryPoint\",\"urlTemplate\":\"https:\\\/\\\/serch.es\\\/de\\\/?s={search_term_string}\"},\"query-input\":{\"@type\":\"PropertyValueSpecification\",\"valueRequired\":true,\"valueName\":\"search_term_string\"}}],\"inLanguage\":\"de\"},{\"@type\":\"Organization\",\"@id\":\"https:\\\/\\\/serch.es\\\/de\\\/#organization\",\"name\":\"S.E.A.R.C.H.\",\"url\":\"https:\\\/\\\/serch.es\\\/de\\\/\",\"logo\":{\"@type\":\"ImageObject\",\"inLanguage\":\"de\",\"@id\":\"https:\\\/\\\/serch.es\\\/de\\\/#\\\/schema\\\/logo\\\/image\\\/\",\"url\":\"https:\\\/\\\/serch.es\\\/wp-content\\\/uploads\\\/2016\\\/10\\\/search-logo.jpg\",\"contentUrl\":\"https:\\\/\\\/serch.es\\\/wp-content\\\/uploads\\\/2016\\\/10\\\/search-logo.jpg\",\"width\":341,\"height\":223,\"caption\":\"S.E.A.R.C.H.\"},\"image\":{\"@id\":\"https:\\\/\\\/serch.es\\\/de\\\/#\\\/schema\\\/logo\\\/image\\\/\"},\"sameAs\":[\"https:\\\/\\\/www.facebook.com\\\/SpanishEquineAssociation\\\/\"]}]}<\/script>\n<!-- \/ Yoast SEO plugin. -->","yoast_head_json":{"title":"Natural Horsemanship - S.E.A.R.C.H.","robots":{"index":"index","follow":"follow","max-snippet":"max-snippet:-1","max-image-preview":"max-image-preview:large","max-video-preview":"max-video-preview:-1"},"canonical":"https:\/\/serch.es\/de\/natural-horsemanship\/","og_locale":"de_DE","og_type":"article","og_title":"Natural Horsemanship - S.E.A.R.C.H.","og_description":"Natural Horsemanship Wir praktizieren und lehren Kummunikations- und Bindungstraining mit den geretteten Pferden von SEARCH und helfen den Sch\u00fclern, die Pferde sowie sich selbst, besser verstehen zu lernen. Dies resultiert h\u00e4ufig in einer lebensver\u00e4ndernden Erfahrung, sowohl f\u00fcr den Menschen, als auch f\u00fcr die Pferde. Im Kommunikationstraining geht es darum, eine tiefe Bindung aufzubauen &#8211; eine [&hellip;]","og_url":"https:\/\/serch.es\/de\/natural-horsemanship\/","og_site_name":"S.E.A.R.C.H.","article_publisher":"https:\/\/www.facebook.com\/SpanishEquineAssociation\/","article_modified_time":"2021-04-06T12:24:58+00:00","og_image":[{"url":"https:\/\/serch.es\/wp-content\/uploads\/2021\/04\/search-natural-horsemanship.jpg","type":"","width":"","height":""}],"twitter_card":"summary_large_image","twitter_misc":{"Gesch\u00e4tzte Lesezeit":"1\u00a0Minute"},"schema":{"@context":"https:\/\/schema.org","@graph":[{"@type":"WebPage","@id":"https:\/\/serch.es\/de\/natural-horsemanship\/","url":"https:\/\/serch.es\/de\/natural-horsemanship\/","name":"Natural Horsemanship - S.E.A.R.C.H.","isPartOf":{"@id":"https:\/\/serch.es\/de\/#website"},"primaryImageOfPage":{"@id":"https:\/\/serch.es\/de\/natural-horsemanship\/#primaryimage"},"image":{"@id":"https:\/\/serch.es\/de\/natural-horsemanship\/#primaryimage"},"thumbnailUrl":"https:\/\/serch.es\/wp-content\/uploads\/2021\/04\/search-natural-horsemanship.jpg","datePublished":"2021-04-06T12:24:57+00:00","dateModified":"2021-04-06T12:24:58+00:00","breadcrumb":{"@id":"https:\/\/serch.es\/de\/natural-horsemanship\/#breadcrumb"},"inLanguage":"de","potentialAction":[{"@type":"ReadAction","target":["https:\/\/serch.es\/de\/natural-horsemanship\/"]}]},{"@type":"ImageObject","inLanguage":"de","@id":"https:\/\/serch.es\/de\/natural-horsemanship\/#primaryimage","url":"https:\/\/serch.es\/wp-content\/uploads\/2021\/04\/search-natural-horsemanship.jpg","contentUrl":"https:\/\/serch.es\/wp-content\/uploads\/2021\/04\/search-natural-horsemanship.jpg"},{"@type":"BreadcrumbList","@id":"https:\/\/serch.es\/de\/natural-horsemanship\/#breadcrumb","itemListElement":[{"@type":"ListItem","position":1,"name":"Home","item":"https:\/\/serch.es\/de\/"},{"@type":"ListItem","position":2,"name":"Natural Horsemanship"}]},{"@type":"WebSite","@id":"https:\/\/serch.es\/de\/#website","url":"https:\/\/serch.es\/de\/","name":"S.E.A.R.C.H.","description":"","publisher":{"@id":"https:\/\/serch.es\/de\/#organization"},"potentialAction":[{"@type":"SearchAction","target":{"@type":"EntryPoint","urlTemplate":"https:\/\/serch.es\/de\/?s={search_term_string}"},"query-input":{"@type":"PropertyValueSpecification","valueRequired":true,"valueName":"search_term_string"}}],"inLanguage":"de"},{"@type":"Organization","@id":"https:\/\/serch.es\/de\/#organization","name":"S.E.A.R.C.H.","url":"https:\/\/serch.es\/de\/","logo":{"@type":"ImageObject","inLanguage":"de","@id":"https:\/\/serch.es\/de\/#\/schema\/logo\/image\/","url":"https:\/\/serch.es\/wp-content\/uploads\/2016\/10\/search-logo.jpg","contentUrl":"https:\/\/serch.es\/wp-content\/uploads\/2016\/10\/search-logo.jpg","width":341,"height":223,"caption":"S.E.A.R.C.H."},"image":{"@id":"https:\/\/serch.es\/de\/#\/schema\/logo\/image\/"},"sameAs":["https:\/\/www.facebook.com\/SpanishEquineAssociation\/"]}]}},"_links":{"self":[{"href":"https:\/\/serch.es\/de\/wp-json\/wp\/v2\/pages\/1488","targetHints":{"allow":["GET"]}}],"collection":[{"href":"https:\/\/serch.es\/de\/wp-json\/wp\/v2\/pages"}],"about":[{"href":"https:\/\/serch.es\/de\/wp-json\/wp\/v2\/types\/page"}],"author":[{"embeddable":true,"href":"https:\/\/serch.es\/de\/wp-json\/wp\/v2\/users\/1"}],"replies":[{"embeddable":true,"href":"https:\/\/serch.es\/de\/wp-json\/wp\/v2\/comments?post=1488"}],"version-history":[{"count":0,"href":"https:\/\/serch.es\/de\/wp-json\/wp\/v2\/pages\/1488\/revisions"}],"wp:attachment":[{"href":"https:\/\/serch.es\/de\/wp-json\/wp\/v2\/media?parent=1488"}],"curies":[{"name":"wp","href":"https:\/\/api.w.org\/{rel}","templated":true}]}}