{"id":1050,"date":"2019-01-02T16:38:29","date_gmt":"2019-01-02T16:38:29","guid":{"rendered":"https:\/\/serch.es\/training-und-rehabilitation-von-jungen-fruher-missbrauchten-und-traumatisierten-pferden\/"},"modified":"2021-02-18T17:00:11","modified_gmt":"2021-02-18T16:00:11","slug":"training-und-rehabilitation-von-jungen-fruher-missbrauchten-und-traumatisierten-pferden","status":"publish","type":"page","link":"https:\/\/serch.es\/de\/training-und-rehabilitation-von-jungen-fruher-missbrauchten-und-traumatisierten-pferden\/","title":{"rendered":"Training und Rehabilitation von jungen \/ fr\u00fcher missbrauchten und traumatisierten Pferden"},"content":{"rendered":"<h2>Training und Rehabilitation von jungen \/ fr\u00fcher missbrauchten und traumatisierten Pferden<\/h2>\n<p>Pferde, die missbraucht wurden und \/ oder fast verhungert sind, haben Menschen gegen\u00fcber, ein grundlegendes Misstrauen entwickelt. Nicht selten f\u00fchren diese Misshandlungen zu aggressiv-defensiven Verhaltensst\u00f6rungen. Diese Pferde brauchen Zeit, Verst\u00e4ndnis und korrektes Training, um wieder Vertrauen und Respekt f\u00fcr den Menschen aufbauen zu k\u00f6nnen.<\/p>\n<p>Die Methoden, nach denen wir unsere Pferde trainieren, basieren auf gegenseitiger Kommunikation und Verst\u00e4ndnis. Dabei sind klar definierte Grenzen f\u00fcr Trainer und Pferd, sowie Geduld und Best\u00e4ndigkeit notwendig, damit das Pferd sich wieder sicher f\u00fchlen kann und folglich bereit ist zu kooperieren.<\/p>\n<div class=\"ast-oembed-container \" style=\"height: 100%;\"><iframe title=\"Michelle demonstrating Join up with Jeanie\" width=\"500\" height=\"375\" src=\"https:\/\/www.youtube.com\/embed\/KQ1jNMS155s?feature=oembed\" frameborder=\"0\" allow=\"accelerometer; autoplay; clipboard-write; encrypted-media; gyroscope; picture-in-picture; web-share\" referrerpolicy=\"strict-origin-when-cross-origin\" allowfullscreen><\/iframe><\/div>\n<h5>Michelle demonstriert das &#8218;Join-Up&#8216; mit Jeanie<\/h5>\n<div class=\"ast-oembed-container \" style=\"height: 100%;\"><iframe title=\"Melina teaching Noelle to take a bow\" width=\"500\" height=\"375\" src=\"https:\/\/www.youtube.com\/embed\/YpBDRBfA1oU?feature=oembed\" frameborder=\"0\" allow=\"accelerometer; autoplay; clipboard-write; encrypted-media; gyroscope; picture-in-picture; web-share\" referrerpolicy=\"strict-origin-when-cross-origin\" allowfullscreen><\/iframe><\/div>\n<h5>Melina bringt Noelle bei, wie man sich verbeugt<\/h5>\n<div class=\"ast-oembed-container \" style=\"height: 100%;\"><iframe title=\"Melina freeschooling Noelle and starting to teach her &#039;spanish walk&#039;\" width=\"500\" height=\"375\" src=\"https:\/\/www.youtube.com\/embed\/PTnXCKUppow?feature=oembed\" frameborder=\"0\" allow=\"accelerometer; autoplay; clipboard-write; encrypted-media; gyroscope; picture-in-picture; web-share\" referrerpolicy=\"strict-origin-when-cross-origin\" allowfullscreen><\/iframe><\/div>\n<h5>Melina in der Freischulung mit Noelle, beginnt ihr den &#8218;Spanischen Schritt&#8216; beizubringen<\/h5>\n<div class=\"ast-oembed-container \" style=\"height: 100%;\"><iframe title=\"Liberty training cross leg side step, Melina and Noelle\" width=\"500\" height=\"375\" src=\"https:\/\/www.youtube.com\/embed\/sgLyUBGe1PI?feature=oembed\" frameborder=\"0\" allow=\"accelerometer; autoplay; clipboard-write; encrypted-media; gyroscope; picture-in-picture; web-share\" referrerpolicy=\"strict-origin-when-cross-origin\" allowfullscreen><\/iframe><\/div>\n<h5>Seiteng\u00e4nge w\u00e4hrend der Freiarbeit, Melina und Noelle<\/h5>\n<div class=\"ast-oembed-container \" style=\"height: 100%;\"><iframe title=\"Michelle demonstrating follow up freestlye with Jeanie\" width=\"500\" height=\"375\" src=\"https:\/\/www.youtube.com\/embed\/m03Q8DMBMQM?feature=oembed\" frameborder=\"0\" allow=\"accelerometer; autoplay; clipboard-write; encrypted-media; gyroscope; picture-in-picture; web-share\" referrerpolicy=\"strict-origin-when-cross-origin\" allowfullscreen><\/iframe><\/div>\n<h5>Michelle demonstriert &#8218;Follow-Up&#8216; mit Jeanie<\/h5>\n<div class=\"ast-oembed-container \" style=\"height: 100%;\"><iframe title=\"Melina Liberty training with Amada\" width=\"500\" height=\"375\" src=\"https:\/\/www.youtube.com\/embed\/39LmU15SjFg?feature=oembed\" frameborder=\"0\" allow=\"accelerometer; autoplay; clipboard-write; encrypted-media; gyroscope; picture-in-picture; web-share\" referrerpolicy=\"strict-origin-when-cross-origin\" allowfullscreen><\/iframe><\/div>\n<h5>Melina, Freiarbeit mit Amada<\/h5>\n<div class=\"ast-oembed-container \" style=\"height: 100%;\"><iframe title=\"Michelle teaching Debbie correct lunging of a young horse Ebony\" width=\"500\" height=\"375\" src=\"https:\/\/www.youtube.com\/embed\/g1528MaUvUM?feature=oembed\" frameborder=\"0\" allow=\"accelerometer; autoplay; clipboard-write; encrypted-media; gyroscope; picture-in-picture; web-share\" referrerpolicy=\"strict-origin-when-cross-origin\" allowfullscreen><\/iframe><\/div>\n<h5>Michelle lernt Debbie das korrekte Longieren eines jungen Pferdes, Ebony<\/h5>\n<div class=\"ast-oembed-container \" style=\"height: 100%;\"><iframe title=\"Debbie connecting and liberty training with Jeanie\" width=\"500\" height=\"375\" src=\"https:\/\/www.youtube.com\/embed\/d5UHBVciOsc?feature=oembed\" frameborder=\"0\" allow=\"accelerometer; autoplay; clipboard-write; encrypted-media; gyroscope; picture-in-picture; web-share\" referrerpolicy=\"strict-origin-when-cross-origin\" allowfullscreen><\/iframe><\/div>\n<h5>Debbie baut eine Beziehung mit Jeanie auf und trainiert Freischulung<\/h5>\n<div class=\"ast-oembed-container \" style=\"height: 100%;\"><iframe title=\"Andrea and Amada reconnecting after one year apart\" width=\"500\" height=\"375\" src=\"https:\/\/www.youtube.com\/embed\/s9n2z7WelaE?feature=oembed\" frameborder=\"0\" allow=\"accelerometer; autoplay; clipboard-write; encrypted-media; gyroscope; picture-in-picture; web-share\" referrerpolicy=\"strict-origin-when-cross-origin\" allowfullscreen><\/iframe><\/div>\n<h6>Andrea und Amada sehen sich wieder nach einem Jahr. Amada misstraut Menschen tiefgehend aber mit Andrea hat sie eine spezielle Verbindung, die sie nicht vergisst.<\/h6>\n<div class=\"ast-oembed-container \" style=\"height: 100%;\"><iframe title=\"Debbie and Melody demonstrating teaching a horse to back and lower head\" width=\"500\" height=\"375\" src=\"https:\/\/www.youtube.com\/embed\/vphgRAlvXQ8?feature=oembed\" frameborder=\"0\" allow=\"accelerometer; autoplay; clipboard-write; encrypted-media; gyroscope; picture-in-picture; web-share\" referrerpolicy=\"strict-origin-when-cross-origin\" allowfullscreen><\/iframe><\/div>\n<h6>Debbie und Melody demonstrieren, wie man einem Pferd beibringt r\u00fcckw\u00e4rtszugehen und den Kopf zu senken, um die Rundung des R\u00fcckens zu f\u00f6rdern und so eine korrekte Muskelentwicklung erzielt<\/h6>\n<div class=\"ast-oembed-container \" style=\"height: 100%;\"><iframe title=\"What can be achieved in 6 months with a rescue horse\" width=\"500\" height=\"281\" src=\"https:\/\/www.youtube.com\/embed\/VLI7gdGVUt0?feature=oembed\" frameborder=\"0\" allow=\"accelerometer; autoplay; clipboard-write; encrypted-media; gyroscope; picture-in-picture; web-share\" referrerpolicy=\"strict-origin-when-cross-origin\" allowfullscreen><\/iframe><\/div>\n<h6>Was in 6 Monaten mit einem geretteten Pferd erreicht werden kann<\/h6>\n<div class=\"ast-oembed-container \" style=\"height: 100%;\"><iframe title=\"Melina and Amada working together\" width=\"500\" height=\"281\" src=\"https:\/\/www.youtube.com\/embed\/Zc21KSWakYc?feature=oembed\" frameborder=\"0\" allow=\"accelerometer; autoplay; clipboard-write; encrypted-media; gyroscope; picture-in-picture; web-share\" referrerpolicy=\"strict-origin-when-cross-origin\" allowfullscreen><\/iframe><\/div>\n<h6>Melina und Amada beim Training. Ihre Hinterbeine fu\u00dfen unter den Schwerpunkt, ihr R\u00fccken ist aufgew\u00f6lbt und sie streckt ihren Hals sch\u00f6n in die Tiefe, was ihr vorher sehr schwer fiel, tolle Entwicklung.<\/h6>\n<div class=\"ast-oembed-container \" style=\"height: 100%;\"><iframe title=\"Amada being ridden by Luna for the first time\" width=\"500\" height=\"375\" src=\"https:\/\/www.youtube.com\/embed\/cIbzjTsQPRA?feature=oembed\" frameborder=\"0\" allow=\"accelerometer; autoplay; clipboard-write; encrypted-media; gyroscope; picture-in-picture; web-share\" referrerpolicy=\"strict-origin-when-cross-origin\" allowfullscreen><\/iframe><\/div>\n<h6>Amada wird zum ersten Mal ohne Longe geritten und hoert auf die Hilfen des Reiters<\/h6>\n<div class=\"ast-oembed-container \" style=\"height: 100%;\"><iframe title=\"Great demonstration of Communication and Connection Liberty training\" width=\"500\" height=\"375\" src=\"https:\/\/www.youtube.com\/embed\/EiWS-ftDnns?feature=oembed\" frameborder=\"0\" allow=\"accelerometer; autoplay; clipboard-write; encrypted-media; gyroscope; picture-in-picture; web-share\" referrerpolicy=\"strict-origin-when-cross-origin\" allowfullscreen><\/iframe><\/div>\n<h6>Eine tolle Demonstration von Kommunikation und Verbindung bei der Freiarbeit ohne einschr\u00e4nkende Hilfsmittel.<\/h6>\n<div class=\"ast-oembed-container \" style=\"height: 100%;\"><iframe title=\"Melina and Noelle, a perfect partnership\" width=\"500\" height=\"375\" src=\"https:\/\/www.youtube.com\/embed\/icXmav-lIaY?feature=oembed\" frameborder=\"0\" allow=\"accelerometer; autoplay; clipboard-write; encrypted-media; gyroscope; picture-in-picture; web-share\" referrerpolicy=\"strict-origin-when-cross-origin\" allowfullscreen><\/iframe><\/div>\n<h6>Melina and Noelle, a perfect partnership, demonstrating free will liberty training and what can be achieved between human and horse<\/h6>\n<div class=\"ast-oembed-container \" style=\"height: 100%;\"><iframe title=\"Ebony now being ridden by Melina demonstrating what Connection training achieves\" width=\"500\" height=\"375\" src=\"https:\/\/www.youtube.com\/embed\/as7XM4-fEjg?feature=oembed\" frameborder=\"0\" allow=\"accelerometer; autoplay; clipboard-write; encrypted-media; gyroscope; picture-in-picture; web-share\" referrerpolicy=\"strict-origin-when-cross-origin\" allowfullscreen><\/iframe><\/div>\n<h6>Ebony wird neuerdings von Melina geritten, sie demonstrieren was man mit Bodenarbeit erreichen kann.<\/h6>\n<div class=\"ast-oembed-container \" style=\"height: 100%;\"><iframe title=\"Melina doing correct ground work with Ebony\" width=\"500\" height=\"375\" src=\"https:\/\/www.youtube.com\/embed\/4kYcEpfaELg?feature=oembed\" frameborder=\"0\" allow=\"accelerometer; autoplay; clipboard-write; encrypted-media; gyroscope; picture-in-picture; web-share\" referrerpolicy=\"strict-origin-when-cross-origin\" allowfullscreen><\/iframe><\/div>\n<h6>Melina wie sie korrekte Bodenarbeit mit Ebony macht. Die Dehnung in die Tiefe und das Aufw\u00f6lben des R\u00fcckens sind f\u00fcr junge Pferde sehr wichtig um die richtige Muskulatur zu entwickeln.<\/h6>\n<div class=\"ast-oembed-container \" style=\"height: 100%;\"><iframe title=\"Melina and Noelle showing what can be achieved with KIND CONNECTION TRAINING, makes my heart sing!\" width=\"500\" height=\"375\" src=\"https:\/\/www.youtube.com\/embed\/yUSnIWJ3rbE?feature=oembed\" frameborder=\"0\" allow=\"accelerometer; autoplay; clipboard-write; encrypted-media; gyroscope; picture-in-picture; web-share\" referrerpolicy=\"strict-origin-when-cross-origin\" allowfullscreen><\/iframe><\/div>\n<h6>Melina und Noelle zeigen was mit sanftem, artgerechten Training erreicht werden kann. Mein Herz geht auf!<\/h6>\n<div class=\"ast-oembed-container \" style=\"height: 100%;\"><iframe title=\"True connection, free work at its best, the perfect relationship between horse and human\" width=\"500\" height=\"375\" src=\"https:\/\/www.youtube.com\/embed\/te7LY6AfagM?feature=oembed\" frameborder=\"0\" allow=\"accelerometer; autoplay; clipboard-write; encrypted-media; gyroscope; picture-in-picture; web-share\" referrerpolicy=\"strict-origin-when-cross-origin\" allowfullscreen><\/iframe><\/div>\n<h6>Wahre Verbindung, Freiarbeit in seiner besten Form, die perfekte Beziehung zwischen Pferd und Mensch: Melina und Noelle.<\/h6>\n<h4><strong>F\u00fcr die, die ihre Geschichte noch nicht kennen:<\/strong><\/h4>\n<p>Noelle kam vor 6 Jahren zu uns, als sie im Alter von 6 Monaten gerettet wurde. Sie war ein Waisenkind und wurde mit der Flasche aufgezogen. Ihr Besitzer starb und die Familie konnte sie nicht l\u00e4nger behalten. Melina kam vor 4 Jahren als Workaway mit ein wenig Erfahrung zu uns. Die Zwei formten eine enge Bindung und Melina verliebte sich in sie. Schon bei ihrer Abreise stand f\u00fcr sie fest, dass Noelle ein Teil ihres Lebens werden sollte. So reiste Noelle schon bald zu ihr nach Deutschland und schaut, was sie zusammen erreicht haben. Wundervoll!<\/p>\n","protected":false},"excerpt":{"rendered":"<p>Training und Rehabilitation von jungen \/ fr\u00fcher missbrauchten und traumatisierten Pferden Pferde, die missbraucht wurden und \/ oder fast verhungert sind, haben Menschen gegen\u00fcber, ein grundlegendes Misstrauen entwickelt. Nicht selten f\u00fchren diese Misshandlungen zu aggressiv-defensiven Verhaltensst\u00f6rungen. Diese Pferde brauchen Zeit, Verst\u00e4ndnis und korrektes Training, um wieder Vertrauen und Respekt f\u00fcr den Menschen aufbauen zu k\u00f6nnen. [&hellip;]<\/p>\n","protected":false},"author":1,"featured_media":0,"parent":0,"menu_order":0,"comment_status":"closed","ping_status":"closed","template":"","meta":{"_monsterinsights_skip_tracking":false,"_monsterinsights_sitenote_active":false,"_monsterinsights_sitenote_note":"","_monsterinsights_sitenote_category":0,"site-sidebar-layout":"no-sidebar","site-content-layout":"plain-container","ast-site-content-layout":"normal-width-container","site-content-style":"unboxed","site-sidebar-style":"unboxed","ast-global-header-display":"","ast-banner-title-visibility":"","ast-main-header-display":"","ast-hfb-above-header-display":"","ast-hfb-below-header-display":"","ast-hfb-mobile-header-display":"","site-post-title":"disabled","ast-breadcrumbs-content":"","ast-featured-img":"disabled","footer-sml-layout":"","ast-disable-related-posts":"","theme-transparent-header-meta":"default","adv-header-id-meta":"","stick-header-meta":"","header-above-stick-meta":"","header-main-stick-meta":"","header-below-stick-meta":"","astra-migrate-meta-layouts":"default","ast-page-background-enabled":"default","ast-page-background-meta":{"desktop":{"background-color":"","background-image":"","background-repeat":"repeat","background-position":"center center","background-size":"auto","background-attachment":"scroll","background-type":"","background-media":"","overlay-type":"","overlay-color":"","overlay-opacity":"","overlay-gradient":""},"tablet":{"background-color":"","background-image":"","background-repeat":"repeat","background-position":"center center","background-size":"auto","background-attachment":"scroll","background-type":"","background-media":"","overlay-type":"","overlay-color":"","overlay-opacity":"","overlay-gradient":""},"mobile":{"background-color":"","background-image":"","background-repeat":"repeat","background-position":"center center","background-size":"auto","background-attachment":"scroll","background-type":"","background-media":"","overlay-type":"","overlay-color":"","overlay-opacity":"","overlay-gradient":""}},"ast-content-background-meta":{"desktop":{"background-color":"var(--ast-global-color-5)","background-image":"","background-repeat":"repeat","background-position":"center center","background-size":"auto","background-attachment":"scroll","background-type":"","background-media":"","overlay-type":"","overlay-color":"","overlay-opacity":"","overlay-gradient":""},"tablet":{"background-color":"var(--ast-global-color-5)","background-image":"","background-repeat":"repeat","background-position":"center center","background-size":"auto","background-attachment":"scroll","background-type":"","background-media":"","overlay-type":"","overlay-color":"","overlay-opacity":"","overlay-gradient":""},"mobile":{"background-color":"var(--ast-global-color-5)","background-image":"","background-repeat":"repeat","background-position":"center center","background-size":"auto","background-attachment":"scroll","background-type":"","background-media":"","overlay-type":"","overlay-color":"","overlay-opacity":"","overlay-gradient":""}},"footnotes":""},"class_list":["post-1050","page","type-page","status-publish","hentry"],"yoast_head":"<!-- This site is optimized with the Yoast SEO plugin v27.5 - https:\/\/yoast.com\/product\/yoast-seo-wordpress\/ -->\n<title>Training und Rehabilitation von jungen \/ fr\u00fcher missbrauchten und traumatisierten Pferden - S.E.A.R.C.H.<\/title>\n<meta name=\"robots\" content=\"index, follow, max-snippet:-1, max-image-preview:large, max-video-preview:-1\" \/>\n<link rel=\"canonical\" href=\"https:\/\/serch.es\/de\/training-und-rehabilitation-von-jungen-fruher-missbrauchten-und-traumatisierten-pferden\/\" \/>\n<meta property=\"og:locale\" content=\"de_DE\" \/>\n<meta property=\"og:type\" content=\"article\" \/>\n<meta property=\"og:title\" content=\"Training und Rehabilitation von jungen \/ fr\u00fcher missbrauchten und traumatisierten Pferden - S.E.A.R.C.H.\" \/>\n<meta property=\"og:description\" content=\"Training und Rehabilitation von jungen \/ fr\u00fcher missbrauchten und traumatisierten Pferden Pferde, die missbraucht wurden und \/ oder fast verhungert sind, haben Menschen gegen\u00fcber, ein grundlegendes Misstrauen entwickelt. Nicht selten f\u00fchren diese Misshandlungen zu aggressiv-defensiven Verhaltensst\u00f6rungen. Diese Pferde brauchen Zeit, Verst\u00e4ndnis und korrektes Training, um wieder Vertrauen und Respekt f\u00fcr den Menschen aufbauen zu k\u00f6nnen. [&hellip;]\" \/>\n<meta property=\"og:url\" content=\"https:\/\/serch.es\/de\/training-und-rehabilitation-von-jungen-fruher-missbrauchten-und-traumatisierten-pferden\/\" \/>\n<meta property=\"og:site_name\" content=\"S.E.A.R.C.H.\" \/>\n<meta property=\"article:publisher\" content=\"https:\/\/www.facebook.com\/SpanishEquineAssociation\/\" \/>\n<meta property=\"article:modified_time\" content=\"2021-02-18T16:00:11+00:00\" \/>\n<meta property=\"og:image\" content=\"https:\/\/serch.es\/wp-content\/uploads\/2018\/11\/fbthumb.jpg\" \/>\n\t<meta property=\"og:image:width\" content=\"1200\" \/>\n\t<meta property=\"og:image:height\" content=\"650\" \/>\n\t<meta property=\"og:image:type\" content=\"image\/jpeg\" \/>\n<meta name=\"twitter:card\" content=\"summary_large_image\" \/>\n<meta name=\"twitter:label1\" content=\"Gesch\u00e4tzte Lesezeit\" \/>\n\t<meta name=\"twitter:data1\" content=\"3\u00a0Minuten\" \/>\n<script type=\"application\/ld+json\" class=\"yoast-schema-graph\">{\"@context\":\"https:\\\/\\\/schema.org\",\"@graph\":[{\"@type\":\"WebPage\",\"@id\":\"https:\\\/\\\/serch.es\\\/de\\\/training-und-rehabilitation-von-jungen-fruher-missbrauchten-und-traumatisierten-pferden\\\/\",\"url\":\"https:\\\/\\\/serch.es\\\/de\\\/training-und-rehabilitation-von-jungen-fruher-missbrauchten-und-traumatisierten-pferden\\\/\",\"name\":\"Training und Rehabilitation von jungen \\\/ fr\u00fcher missbrauchten und traumatisierten Pferden - S.E.A.R.C.H.\",\"isPartOf\":{\"@id\":\"https:\\\/\\\/serch.es\\\/de\\\/#website\"},\"datePublished\":\"2019-01-02T16:38:29+00:00\",\"dateModified\":\"2021-02-18T16:00:11+00:00\",\"breadcrumb\":{\"@id\":\"https:\\\/\\\/serch.es\\\/de\\\/training-und-rehabilitation-von-jungen-fruher-missbrauchten-und-traumatisierten-pferden\\\/#breadcrumb\"},\"inLanguage\":\"de\",\"potentialAction\":[{\"@type\":\"ReadAction\",\"target\":[\"https:\\\/\\\/serch.es\\\/de\\\/training-und-rehabilitation-von-jungen-fruher-missbrauchten-und-traumatisierten-pferden\\\/\"]}]},{\"@type\":\"BreadcrumbList\",\"@id\":\"https:\\\/\\\/serch.es\\\/de\\\/training-und-rehabilitation-von-jungen-fruher-missbrauchten-und-traumatisierten-pferden\\\/#breadcrumb\",\"itemListElement\":[{\"@type\":\"ListItem\",\"position\":1,\"name\":\"Home\",\"item\":\"https:\\\/\\\/serch.es\\\/de\\\/\"},{\"@type\":\"ListItem\",\"position\":2,\"name\":\"Training und Rehabilitation von jungen \\\/ fr\u00fcher missbrauchten und traumatisierten Pferden\"}]},{\"@type\":\"WebSite\",\"@id\":\"https:\\\/\\\/serch.es\\\/de\\\/#website\",\"url\":\"https:\\\/\\\/serch.es\\\/de\\\/\",\"name\":\"S.E.A.R.C.H.\",\"description\":\"\",\"publisher\":{\"@id\":\"https:\\\/\\\/serch.es\\\/de\\\/#organization\"},\"potentialAction\":[{\"@type\":\"SearchAction\",\"target\":{\"@type\":\"EntryPoint\",\"urlTemplate\":\"https:\\\/\\\/serch.es\\\/de\\\/?s={search_term_string}\"},\"query-input\":{\"@type\":\"PropertyValueSpecification\",\"valueRequired\":true,\"valueName\":\"search_term_string\"}}],\"inLanguage\":\"de\"},{\"@type\":\"Organization\",\"@id\":\"https:\\\/\\\/serch.es\\\/de\\\/#organization\",\"name\":\"S.E.A.R.C.H.\",\"url\":\"https:\\\/\\\/serch.es\\\/de\\\/\",\"logo\":{\"@type\":\"ImageObject\",\"inLanguage\":\"de\",\"@id\":\"https:\\\/\\\/serch.es\\\/de\\\/#\\\/schema\\\/logo\\\/image\\\/\",\"url\":\"https:\\\/\\\/serch.es\\\/wp-content\\\/uploads\\\/2016\\\/10\\\/search-logo.jpg\",\"contentUrl\":\"https:\\\/\\\/serch.es\\\/wp-content\\\/uploads\\\/2016\\\/10\\\/search-logo.jpg\",\"width\":341,\"height\":223,\"caption\":\"S.E.A.R.C.H.\"},\"image\":{\"@id\":\"https:\\\/\\\/serch.es\\\/de\\\/#\\\/schema\\\/logo\\\/image\\\/\"},\"sameAs\":[\"https:\\\/\\\/www.facebook.com\\\/SpanishEquineAssociation\\\/\"]}]}<\/script>\n<!-- \/ Yoast SEO plugin. -->","yoast_head_json":{"title":"Training und Rehabilitation von jungen \/ fr\u00fcher missbrauchten und traumatisierten Pferden - S.E.A.R.C.H.","robots":{"index":"index","follow":"follow","max-snippet":"max-snippet:-1","max-image-preview":"max-image-preview:large","max-video-preview":"max-video-preview:-1"},"canonical":"https:\/\/serch.es\/de\/training-und-rehabilitation-von-jungen-fruher-missbrauchten-und-traumatisierten-pferden\/","og_locale":"de_DE","og_type":"article","og_title":"Training und Rehabilitation von jungen \/ fr\u00fcher missbrauchten und traumatisierten Pferden - S.E.A.R.C.H.","og_description":"Training und Rehabilitation von jungen \/ fr\u00fcher missbrauchten und traumatisierten Pferden Pferde, die missbraucht wurden und \/ oder fast verhungert sind, haben Menschen gegen\u00fcber, ein grundlegendes Misstrauen entwickelt. Nicht selten f\u00fchren diese Misshandlungen zu aggressiv-defensiven Verhaltensst\u00f6rungen. Diese Pferde brauchen Zeit, Verst\u00e4ndnis und korrektes Training, um wieder Vertrauen und Respekt f\u00fcr den Menschen aufbauen zu k\u00f6nnen. [&hellip;]","og_url":"https:\/\/serch.es\/de\/training-und-rehabilitation-von-jungen-fruher-missbrauchten-und-traumatisierten-pferden\/","og_site_name":"S.E.A.R.C.H.","article_publisher":"https:\/\/www.facebook.com\/SpanishEquineAssociation\/","article_modified_time":"2021-02-18T16:00:11+00:00","og_image":[{"width":1200,"height":650,"url":"https:\/\/serch.es\/wp-content\/uploads\/2018\/11\/fbthumb.jpg","type":"image\/jpeg"}],"twitter_card":"summary_large_image","twitter_misc":{"Gesch\u00e4tzte Lesezeit":"3\u00a0Minuten"},"schema":{"@context":"https:\/\/schema.org","@graph":[{"@type":"WebPage","@id":"https:\/\/serch.es\/de\/training-und-rehabilitation-von-jungen-fruher-missbrauchten-und-traumatisierten-pferden\/","url":"https:\/\/serch.es\/de\/training-und-rehabilitation-von-jungen-fruher-missbrauchten-und-traumatisierten-pferden\/","name":"Training und Rehabilitation von jungen \/ fr\u00fcher missbrauchten und traumatisierten Pferden - S.E.A.R.C.H.","isPartOf":{"@id":"https:\/\/serch.es\/de\/#website"},"datePublished":"2019-01-02T16:38:29+00:00","dateModified":"2021-02-18T16:00:11+00:00","breadcrumb":{"@id":"https:\/\/serch.es\/de\/training-und-rehabilitation-von-jungen-fruher-missbrauchten-und-traumatisierten-pferden\/#breadcrumb"},"inLanguage":"de","potentialAction":[{"@type":"ReadAction","target":["https:\/\/serch.es\/de\/training-und-rehabilitation-von-jungen-fruher-missbrauchten-und-traumatisierten-pferden\/"]}]},{"@type":"BreadcrumbList","@id":"https:\/\/serch.es\/de\/training-und-rehabilitation-von-jungen-fruher-missbrauchten-und-traumatisierten-pferden\/#breadcrumb","itemListElement":[{"@type":"ListItem","position":1,"name":"Home","item":"https:\/\/serch.es\/de\/"},{"@type":"ListItem","position":2,"name":"Training und Rehabilitation von jungen \/ fr\u00fcher missbrauchten und traumatisierten Pferden"}]},{"@type":"WebSite","@id":"https:\/\/serch.es\/de\/#website","url":"https:\/\/serch.es\/de\/","name":"S.E.A.R.C.H.","description":"","publisher":{"@id":"https:\/\/serch.es\/de\/#organization"},"potentialAction":[{"@type":"SearchAction","target":{"@type":"EntryPoint","urlTemplate":"https:\/\/serch.es\/de\/?s={search_term_string}"},"query-input":{"@type":"PropertyValueSpecification","valueRequired":true,"valueName":"search_term_string"}}],"inLanguage":"de"},{"@type":"Organization","@id":"https:\/\/serch.es\/de\/#organization","name":"S.E.A.R.C.H.","url":"https:\/\/serch.es\/de\/","logo":{"@type":"ImageObject","inLanguage":"de","@id":"https:\/\/serch.es\/de\/#\/schema\/logo\/image\/","url":"https:\/\/serch.es\/wp-content\/uploads\/2016\/10\/search-logo.jpg","contentUrl":"https:\/\/serch.es\/wp-content\/uploads\/2016\/10\/search-logo.jpg","width":341,"height":223,"caption":"S.E.A.R.C.H."},"image":{"@id":"https:\/\/serch.es\/de\/#\/schema\/logo\/image\/"},"sameAs":["https:\/\/www.facebook.com\/SpanishEquineAssociation\/"]}]}},"_links":{"self":[{"href":"https:\/\/serch.es\/de\/wp-json\/wp\/v2\/pages\/1050","targetHints":{"allow":["GET"]}}],"collection":[{"href":"https:\/\/serch.es\/de\/wp-json\/wp\/v2\/pages"}],"about":[{"href":"https:\/\/serch.es\/de\/wp-json\/wp\/v2\/types\/page"}],"author":[{"embeddable":true,"href":"https:\/\/serch.es\/de\/wp-json\/wp\/v2\/users\/1"}],"replies":[{"embeddable":true,"href":"https:\/\/serch.es\/de\/wp-json\/wp\/v2\/comments?post=1050"}],"version-history":[{"count":0,"href":"https:\/\/serch.es\/de\/wp-json\/wp\/v2\/pages\/1050\/revisions"}],"wp:attachment":[{"href":"https:\/\/serch.es\/de\/wp-json\/wp\/v2\/media?parent=1050"}],"curies":[{"name":"wp","href":"https:\/\/api.w.org\/{rel}","templated":true}]}}