{"id":1044,"date":"2019-01-02T16:25:39","date_gmt":"2019-01-02T16:25:39","guid":{"rendered":"https:\/\/serch.es\/kontaktieren-sie-uns\/"},"modified":"2024-02-08T21:30:04","modified_gmt":"2024-02-08T20:30:04","slug":"kontaktieren-sie-uns","status":"publish","type":"page","link":"https:\/\/serch.es\/de\/kontaktieren-sie-uns\/","title":{"rendered":"Kontaktieren Sie uns"},"content":{"rendered":"\t\t<div data-elementor-type=\"wp-post\" data-elementor-id=\"1044\" class=\"elementor elementor-1044 elementor-38\">\n\t\t\t\t\t\t<section class=\"elementor-section elementor-top-section elementor-element elementor-element-74e1d5a elementor-section-boxed elementor-section-height-default elementor-section-height-default\" data-id=\"74e1d5a\" data-element_type=\"section\" data-e-type=\"section\">\n\t\t\t\t\t\t<div class=\"elementor-container elementor-column-gap-default\">\n\t\t\t\t\t<div class=\"elementor-column elementor-col-33 elementor-top-column elementor-element elementor-element-b4cf50a\" data-id=\"b4cf50a\" data-element_type=\"column\" data-e-type=\"column\">\n\t\t\t<div class=\"elementor-widget-wrap elementor-element-populated\">\n\t\t\t\t\t\t<div class=\"elementor-element elementor-element-25d4f50 elementor-widget elementor-widget-text-editor\" data-id=\"25d4f50\" data-element_type=\"widget\" data-e-type=\"widget\" data-widget_type=\"text-editor.default\">\n\t\t\t\t<div class=\"elementor-widget-container\">\n\t\t\t\t\t\t\t\t\t<p><strong>Telefon:<\/strong><br \/>\n+34 660 220 700 (Sue)<\/p>\n<p><strong>E-mail:<\/strong><br \/>\ninfo@serch.es<\/p>\n<p><strong>Postadresse:<\/strong><br \/>\nBox 252, Co\u00edn 29100<br \/>\nM\u00e1laga-Spain<\/p>\n<p><strong>Eingetragene Wohlt\u00e4tigkeitsnummer:<\/strong><br \/>\n9932<\/p>\n\t\t\t\t\t\t\t\t<\/div>\n\t\t\t\t<\/div>\n\t\t\t\t\t<\/div>\n\t\t<\/div>\n\t\t\t\t<div class=\"elementor-column elementor-col-66 elementor-top-column elementor-element elementor-element-55e8ec0\" data-id=\"55e8ec0\" data-element_type=\"column\" data-e-type=\"column\">\n\t\t\t<div class=\"elementor-widget-wrap elementor-element-populated\">\n\t\t\t\t\t\t<div class=\"elementor-element elementor-element-0025d51 elementor-widget elementor-widget-shortcode\" data-id=\"0025d51\" data-element_type=\"widget\" data-e-type=\"widget\" data-widget_type=\"shortcode.default\">\n\t\t\t\t<div class=\"elementor-widget-container\">\n\t\t\t\t\t\t\t<div class=\"elementor-shortcode\">\n<div class=\"wpcf7 no-js\" id=\"wpcf7-f325-o1\" lang=\"en-US\" dir=\"ltr\" data-wpcf7-id=\"325\">\n<div class=\"screen-reader-response\"><p role=\"status\" aria-live=\"polite\" aria-atomic=\"true\"><\/p> <ul><\/ul><\/div>\n<form action=\"\/de\/wp-json\/wp\/v2\/pages\/1044#wpcf7-f325-o1\" method=\"post\" class=\"wpcf7-form init\" aria-label=\"Contact form\" novalidate=\"novalidate\" data-status=\"init\">\n<fieldset class=\"hidden-fields-container\"><input type=\"hidden\" name=\"_wpcf7\" value=\"325\" \/><input type=\"hidden\" name=\"_wpcf7_version\" value=\"6.1.5\" \/><input type=\"hidden\" name=\"_wpcf7_locale\" value=\"en_US\" \/><input type=\"hidden\" name=\"_wpcf7_unit_tag\" value=\"wpcf7-f325-o1\" \/><input type=\"hidden\" name=\"_wpcf7_container_post\" value=\"0\" \/><input type=\"hidden\" name=\"_wpcf7_posted_data_hash\" value=\"\" \/><input type=\"hidden\" name=\"_wpcf7_recaptcha_response\" value=\"\" \/>\n<\/fieldset>\n<p><span class=\"wpcf7-form-control-wrap\" data-name=\"your-name\"><input size=\"40\" maxlength=\"400\" class=\"wpcf7-form-control wpcf7-text wpcf7-validates-as-required\" aria-required=\"true\" aria-invalid=\"false\" placeholder=\"Your Name (required)\" value=\"\" type=\"text\" name=\"your-name\" \/><\/span>\n<\/p>\n<p><span class=\"wpcf7-form-control-wrap\" data-name=\"your-email\"><input size=\"40\" maxlength=\"400\" class=\"wpcf7-form-control wpcf7-email wpcf7-validates-as-required wpcf7-text wpcf7-validates-as-email\" aria-required=\"true\" aria-invalid=\"false\" placeholder=\"Your Email (required)\" value=\"\" type=\"email\" name=\"your-email\" \/><\/span>\n<\/p>\n<p><span class=\"wpcf7-form-control-wrap\" data-name=\"your-message\"><textarea cols=\"40\" rows=\"10\" maxlength=\"2000\" class=\"wpcf7-form-control wpcf7-textarea\" aria-invalid=\"false\" placeholder=\"Your Message (required)\" name=\"your-message\"><\/textarea><\/span>\n<\/p>\n<p><input class=\"wpcf7-form-control wpcf7-submit has-spinner\" type=\"submit\" value=\"Send\" \/>\n<\/p><div class=\"wpcf7-response-output\" aria-hidden=\"true\"><\/div>\n<\/form>\n<\/div>\n<\/div>\n\t\t\t\t\t\t<\/div>\n\t\t\t\t<\/div>\n\t\t\t\t\t<\/div>\n\t\t<\/div>\n\t\t\t\t\t<\/div>\n\t\t<\/section>\n\t\t\t\t<section class=\"elementor-section elementor-top-section elementor-element elementor-element-cb16756 elementor-section-boxed elementor-section-height-default elementor-section-height-default\" data-id=\"cb16756\" data-element_type=\"section\" data-e-type=\"section\">\n\t\t\t\t\t\t<div class=\"elementor-container elementor-column-gap-default\">\n\t\t\t\t\t<div class=\"elementor-column elementor-col-100 elementor-top-column elementor-element elementor-element-a5f3d55\" data-id=\"a5f3d55\" data-element_type=\"column\" data-e-type=\"column\">\n\t\t\t<div class=\"elementor-widget-wrap elementor-element-populated\">\n\t\t\t\t\t\t<div class=\"elementor-element elementor-element-9c23f7b elementor-widget elementor-widget-text-editor\" data-id=\"9c23f7b\" data-element_type=\"widget\" data-e-type=\"widget\" data-widget_type=\"text-editor.default\">\n\t\t\t\t<div class=\"elementor-widget-container\">\n\t\t\t\t\t\t\t\t\t<p><iframe style=\"border: 0;\" src=\"https:\/\/www.google.com\/maps\/embed?pb=!1m18!1m12!1m3!1d4907.496830622561!2d-4.746017859190658!3d36.68761145379269!2m3!1f0!2f0!3f0!3m2!1i1024!2i768!4f13.1!3m3!1m2!1s0xd72c2b32a8dfd03%3A0x3fa3b544b6887923!2sLugar+Partido+Haza+Zaya%2C+448%2C+29100+Co%C3%ADn%2C+M%C3%A1laga%2C+Spanyolorsz%C3%A1g!5e1!3m2!1shu!2suk!4v1476151113885\" width=\"100%\" height=\"350\" frameborder=\"0\" allowfullscreen=\"allowfullscreen\"><\/iframe><\/p>\n\t\t\t\t\t\t\t\t<\/div>\n\t\t\t\t<\/div>\n\t\t\t\t\t<\/div>\n\t\t<\/div>\n\t\t\t\t\t<\/div>\n\t\t<\/section>\n\t\t\t\t<section class=\"elementor-section elementor-top-section elementor-element elementor-element-120a582a elementor-section-boxed elementor-section-height-default elementor-section-height-default\" data-id=\"120a582a\" data-element_type=\"section\" data-e-type=\"section\">\n\t\t\t\t\t\t<div class=\"elementor-container elementor-column-gap-default\">\n\t\t\t\t\t<div class=\"elementor-column elementor-col-100 elementor-top-column elementor-element elementor-element-7bdb3f18\" data-id=\"7bdb3f18\" data-element_type=\"column\" data-e-type=\"column\">\n\t\t\t<div class=\"elementor-widget-wrap elementor-element-populated\">\n\t\t\t\t\t\t<div class=\"elementor-element elementor-element-fc5d4d0 elementor-widget elementor-widget-heading\" data-id=\"fc5d4d0\" data-element_type=\"widget\" data-e-type=\"widget\" data-widget_type=\"heading.default\">\n\t\t\t\t<div class=\"elementor-widget-container\">\n\t\t\t\t\t<h2 class=\"elementor-heading-title elementor-size-default\">Bitte helfen Sie uns, einen Unterschied zu machen!<\/h2>\t\t\t\t<\/div>\n\t\t\t\t<\/div>\n\t\t\t\t\t<\/div>\n\t\t<\/div>\n\t\t\t\t\t<\/div>\n\t\t<\/section>\n\t\t\t\t<section class=\"elementor-section elementor-top-section elementor-element elementor-element-6703baae elementor-section-boxed elementor-section-height-default elementor-section-height-default\" data-id=\"6703baae\" data-element_type=\"section\" data-e-type=\"section\">\n\t\t\t\t\t\t<div class=\"elementor-container elementor-column-gap-default\">\n\t\t\t\t\t<div class=\"elementor-column elementor-col-33 elementor-top-column elementor-element elementor-element-7703c40c\" data-id=\"7703c40c\" data-element_type=\"column\" data-e-type=\"column\">\n\t\t\t<div class=\"elementor-widget-wrap elementor-element-populated\">\n\t\t\t\t\t\t<div class=\"elementor-element elementor-element-60cdd819 elementor-widget elementor-widget-heading\" data-id=\"60cdd819\" data-element_type=\"widget\" data-e-type=\"widget\" data-widget_type=\"heading.default\">\n\t\t\t\t<div class=\"elementor-widget-container\">\n\t\t\t\t\t<h3 class=\"elementor-heading-title elementor-size-default\">via Bank Transfer<\/h3>\t\t\t\t<\/div>\n\t\t\t\t<\/div>\n\t\t\t\t<div class=\"elementor-element elementor-element-63c59a86 elementor-widget-divider--view-line elementor-widget elementor-widget-divider\" data-id=\"63c59a86\" data-element_type=\"widget\" data-e-type=\"widget\" data-widget_type=\"divider.default\">\n\t\t\t\t<div class=\"elementor-widget-container\">\n\t\t\t\t\t\t\t<div class=\"elementor-divider\">\n\t\t\t<span class=\"elementor-divider-separator\">\n\t\t\t\t\t\t<\/span>\n\t\t<\/div>\n\t\t\t\t\t\t<\/div>\n\t\t\t\t<\/div>\n\t\t\t\t<div class=\"elementor-element elementor-element-4d561ee3 elementor-widget elementor-widget-text-editor\" data-id=\"4d561ee3\" data-element_type=\"widget\" data-e-type=\"widget\" data-widget_type=\"text-editor.default\">\n\t\t\t\t<div class=\"elementor-widget-container\">\n\t\t\t\t\t\t\t\t\t<p class=\"textwidget\"><em>Bank:<\/em><br \/>\n<strong>BANCO POPULAR<\/strong><\/p>\n<p class=\"textwidget\"><em>IBAN:<\/em><br \/>\n<strong>ES22 0075 3489 2406 0025 5072<\/strong><\/p>\n<p class=\"textwidget\"><em>BIC:<\/em><br \/>\n<strong>POPUESMM<\/strong><\/p>\n\t\t\t\t\t\t\t\t<\/div>\n\t\t\t\t<\/div>\n\t\t\t\t\t<\/div>\n\t\t<\/div>\n\t\t\t\t<div class=\"elementor-column elementor-col-33 elementor-top-column elementor-element elementor-element-3a398a45\" data-id=\"3a398a45\" data-element_type=\"column\" data-e-type=\"column\">\n\t\t\t<div class=\"elementor-widget-wrap elementor-element-populated\">\n\t\t\t\t\t\t<div class=\"elementor-element elementor-element-33abb809 elementor-widget elementor-widget-heading\" data-id=\"33abb809\" data-element_type=\"widget\" data-e-type=\"widget\" data-widget_type=\"heading.default\">\n\t\t\t\t<div class=\"elementor-widget-container\">\n\t\t\t\t\t<h3 class=\"elementor-heading-title elementor-size-default\">via PayPal<\/h3>\t\t\t\t<\/div>\n\t\t\t\t<\/div>\n\t\t\t\t<div class=\"elementor-element elementor-element-7e6b6409 elementor-widget-divider--view-line elementor-widget elementor-widget-divider\" data-id=\"7e6b6409\" data-element_type=\"widget\" data-e-type=\"widget\" data-widget_type=\"divider.default\">\n\t\t\t\t<div class=\"elementor-widget-container\">\n\t\t\t\t\t\t\t<div class=\"elementor-divider\">\n\t\t\t<span class=\"elementor-divider-separator\">\n\t\t\t\t\t\t<\/span>\n\t\t<\/div>\n\t\t\t\t\t\t<\/div>\n\t\t\t\t<\/div>\n\t\t\t\t<div class=\"elementor-element elementor-element-27f3705f elementor-widget elementor-widget-wp-widget-donation_button_admin_widget\" data-id=\"27f3705f\" data-element_type=\"widget\" data-e-type=\"widget\" data-widget_type=\"wp-widget-donation_button_admin_widget.default\">\n\t\t\t\t<div class=\"elementor-widget-container\">\n\t\t\t\t\t<div class=\"page-sidebar widget\" id=\"donation_buttons\"><form action=\"https:\/\/www.paypal.com\/cgi-bin\/webscr\" method=\"post\" target=\"_blank\" ><input type=\"hidden\" name=\"business\" value=\"info@serch.es\"><input type=\"hidden\" name=\"bn\" value=\"mbjtechnolabs_SP\"><input type=\"hidden\" name=\"cmd\" value=\"_donations\"><input type=\"hidden\" name=\"item_name\" value=\"S.E.A.R.C.H.\"><table ><tbody><tr><td><input style=\"margin-top:10px;\" type=\"image\" name=\"submit\" border=\"0\" src=\"https:\/\/serch.es\/wp-content\/uploads\/2018\/11\/paypal-donatel.png\" alt=\"PayPal - The safer, easier way to pay online\"><\/td><\/tr><\/tbody><\/table><input type=\"hidden\" name=\"currency_code\" value=\"EUR\"><input type=\"hidden\" name=\"notify_url\" value=\"https:\/\/serch.es\/?Donation_Button&#038;action=ipn_handler\"><\/form><\/div>\t\t\t\t<\/div>\n\t\t\t\t<\/div>\n\t\t\t\t\t<\/div>\n\t\t<\/div>\n\t\t\t\t<div class=\"elementor-column elementor-col-33 elementor-top-column elementor-element elementor-element-1df27e03\" data-id=\"1df27e03\" data-element_type=\"column\" data-e-type=\"column\">\n\t\t\t<div class=\"elementor-widget-wrap elementor-element-populated\">\n\t\t\t\t\t\t<div class=\"elementor-element elementor-element-48c3cff9 elementor-widget elementor-widget-heading\" data-id=\"48c3cff9\" data-element_type=\"widget\" data-e-type=\"widget\" data-widget_type=\"heading.default\">\n\t\t\t\t<div class=\"elementor-widget-container\">\n\t\t\t\t\t<h3 class=\"elementor-heading-title elementor-size-default\">via FundRazr<\/h3>\t\t\t\t<\/div>\n\t\t\t\t<\/div>\n\t\t\t\t<div class=\"elementor-element elementor-element-452c45d elementor-widget-divider--view-line elementor-widget elementor-widget-divider\" data-id=\"452c45d\" data-element_type=\"widget\" data-e-type=\"widget\" data-widget_type=\"divider.default\">\n\t\t\t\t<div class=\"elementor-widget-container\">\n\t\t\t\t\t\t\t<div class=\"elementor-divider\">\n\t\t\t<span class=\"elementor-divider-separator\">\n\t\t\t\t\t\t<\/span>\n\t\t<\/div>\n\t\t\t\t\t\t<\/div>\n\t\t\t\t<\/div>\n\t\t\t\t<div class=\"elementor-element elementor-element-33f093a5 elementor-widget elementor-widget-spacer\" data-id=\"33f093a5\" data-element_type=\"widget\" data-e-type=\"widget\" data-widget_type=\"spacer.default\">\n\t\t\t\t<div class=\"elementor-widget-container\">\n\t\t\t\t\t\t\t<div class=\"elementor-spacer\">\n\t\t\t<div class=\"elementor-spacer-inner\"><\/div>\n\t\t<\/div>\n\t\t\t\t\t\t<\/div>\n\t\t\t\t<\/div>\n\t\t\t\t<div class=\"elementor-element elementor-element-eb713c9 elementor-widget elementor-widget-image\" data-id=\"eb713c9\" data-element_type=\"widget\" data-e-type=\"widget\" data-widget_type=\"image.default\">\n\t\t\t\t<div class=\"elementor-widget-container\">\n\t\t\t\t\t\t\t\t\t\t\t\t\t\t\t\t<a href=\"http:\/\/fnd.us\/c\/b16S3f\/sh\/45Vh42\" target=\"_blank\">\n\t\t\t\t\t\t\t<img decoding=\"async\" width=\"320\" height=\"79\" src=\"https:\/\/serch.es\/wp-content\/uploads\/2018\/11\/fundrazr.png\" class=\"attachment-full size-full wp-image-872\" alt=\"\" srcset=\"https:\/\/serch.es\/wp-content\/uploads\/2018\/11\/fundrazr.png 320w, https:\/\/serch.es\/wp-content\/uploads\/2018\/11\/fundrazr-300x74.png 300w\" sizes=\"(max-width: 320px) 100vw, 320px\" \/>\t\t\t\t\t\t\t\t<\/a>\n\t\t\t\t\t\t\t\t\t\t\t\t\t\t\t<\/div>\n\t\t\t\t<\/div>\n\t\t\t\t\t<\/div>\n\t\t<\/div>\n\t\t\t\t\t<\/div>\n\t\t<\/section>\n\t\t\t\t<\/div>\n\t\t","protected":false},"excerpt":{"rendered":"<p>Telefon: +34 660 220 700 (Sue) E-mail: info@serch.es Postadresse: Box 252, Co\u00edn 29100 M\u00e1laga-Spain Eingetragene Wohlt\u00e4tigkeitsnummer: 9932 Bitte helfen Sie uns, einen Unterschied zu machen! via Bank Transfer Bank: BANCO POPULAR IBAN: ES22 0075 3489 2406 0025 5072 BIC: POPUESMM via PayPal via FundRazr<\/p>\n","protected":false},"author":1,"featured_media":0,"parent":0,"menu_order":0,"comment_status":"closed","ping_status":"closed","template":"","meta":{"_monsterinsights_skip_tracking":false,"_monsterinsights_sitenote_active":false,"_monsterinsights_sitenote_note":"","_monsterinsights_sitenote_category":0,"site-sidebar-layout":"no-sidebar","site-content-layout":"","ast-site-content-layout":"default","site-content-style":"default","site-sidebar-style":"default","ast-global-header-display":"","ast-banner-title-visibility":"","ast-main-header-display":"","ast-hfb-above-header-display":"","ast-hfb-below-header-display":"","ast-hfb-mobile-header-display":"","site-post-title":"","ast-breadcrumbs-content":"","ast-featured-img":"","footer-sml-layout":"","ast-disable-related-posts":"","theme-transparent-header-meta":"","adv-header-id-meta":"","stick-header-meta":"","header-above-stick-meta":"","header-main-stick-meta":"","header-below-stick-meta":"","astra-migrate-meta-layouts":"default","ast-page-background-enabled":"default","ast-page-background-meta":{"desktop":{"background-color":"","background-image":"","background-repeat":"repeat","background-position":"center center","background-size":"auto","background-attachment":"scroll","background-type":"","background-media":"","overlay-type":"","overlay-color":"","overlay-opacity":"","overlay-gradient":""},"tablet":{"background-color":"","background-image":"","background-repeat":"repeat","background-position":"center center","background-size":"auto","background-attachment":"scroll","background-type":"","background-media":"","overlay-type":"","overlay-color":"","overlay-opacity":"","overlay-gradient":""},"mobile":{"background-color":"","background-image":"","background-repeat":"repeat","background-position":"center center","background-size":"auto","background-attachment":"scroll","background-type":"","background-media":"","overlay-type":"","overlay-color":"","overlay-opacity":"","overlay-gradient":""}},"ast-content-background-meta":{"desktop":{"background-color":"var(--ast-global-color-5)","background-image":"","background-repeat":"repeat","background-position":"center center","background-size":"auto","background-attachment":"scroll","background-type":"","background-media":"","overlay-type":"","overlay-color":"","overlay-opacity":"","overlay-gradient":""},"tablet":{"background-color":"var(--ast-global-color-5)","background-image":"","background-repeat":"repeat","background-position":"center center","background-size":"auto","background-attachment":"scroll","background-type":"","background-media":"","overlay-type":"","overlay-color":"","overlay-opacity":"","overlay-gradient":""},"mobile":{"background-color":"var(--ast-global-color-5)","background-image":"","background-repeat":"repeat","background-position":"center center","background-size":"auto","background-attachment":"scroll","background-type":"","background-media":"","overlay-type":"","overlay-color":"","overlay-opacity":"","overlay-gradient":""}},"footnotes":""},"class_list":["post-1044","page","type-page","status-publish","hentry"],"yoast_head":"<!-- This site is optimized with the Yoast SEO plugin v27.4 - https:\/\/yoast.com\/product\/yoast-seo-wordpress\/ -->\n<title>Kontaktieren Sie uns - S.E.A.R.C.H.<\/title>\n<meta name=\"robots\" content=\"index, follow, max-snippet:-1, max-image-preview:large, max-video-preview:-1\" \/>\n<link rel=\"canonical\" href=\"https:\/\/serch.es\/de\/kontaktieren-sie-uns\/\" \/>\n<meta property=\"og:locale\" content=\"de_DE\" \/>\n<meta property=\"og:type\" content=\"article\" \/>\n<meta property=\"og:title\" content=\"Kontaktieren Sie uns - S.E.A.R.C.H.\" \/>\n<meta property=\"og:description\" content=\"Telefon: +34 660 220 700 (Sue) E-mail: info@serch.es Postadresse: Box 252, Co\u00edn 29100 M\u00e1laga-Spain Eingetragene Wohlt\u00e4tigkeitsnummer: 9932 Bitte helfen Sie uns, einen Unterschied zu machen! via Bank Transfer Bank: BANCO POPULAR IBAN: ES22 0075 3489 2406 0025 5072 BIC: POPUESMM via PayPal via FundRazr\" \/>\n<meta property=\"og:url\" content=\"https:\/\/serch.es\/de\/kontaktieren-sie-uns\/\" \/>\n<meta property=\"og:site_name\" content=\"S.E.A.R.C.H.\" \/>\n<meta property=\"article:publisher\" content=\"https:\/\/www.facebook.com\/SpanishEquineAssociation\/\" \/>\n<meta property=\"article:modified_time\" content=\"2024-02-08T20:30:04+00:00\" \/>\n<meta property=\"og:image\" content=\"https:\/\/serch.es\/wp-content\/uploads\/2018\/11\/fundrazr.png\" \/>\n<meta name=\"twitter:card\" content=\"summary_large_image\" \/>\n<script type=\"application\/ld+json\" class=\"yoast-schema-graph\">{\"@context\":\"https:\\\/\\\/schema.org\",\"@graph\":[{\"@type\":\"WebPage\",\"@id\":\"https:\\\/\\\/serch.es\\\/de\\\/kontaktieren-sie-uns\\\/\",\"url\":\"https:\\\/\\\/serch.es\\\/de\\\/kontaktieren-sie-uns\\\/\",\"name\":\"Kontaktieren Sie uns - S.E.A.R.C.H.\",\"isPartOf\":{\"@id\":\"https:\\\/\\\/serch.es\\\/de\\\/#website\"},\"primaryImageOfPage\":{\"@id\":\"https:\\\/\\\/serch.es\\\/de\\\/kontaktieren-sie-uns\\\/#primaryimage\"},\"image\":{\"@id\":\"https:\\\/\\\/serch.es\\\/de\\\/kontaktieren-sie-uns\\\/#primaryimage\"},\"thumbnailUrl\":\"https:\\\/\\\/serch.es\\\/wp-content\\\/uploads\\\/2018\\\/11\\\/fundrazr.png\",\"datePublished\":\"2019-01-02T16:25:39+00:00\",\"dateModified\":\"2024-02-08T20:30:04+00:00\",\"breadcrumb\":{\"@id\":\"https:\\\/\\\/serch.es\\\/de\\\/kontaktieren-sie-uns\\\/#breadcrumb\"},\"inLanguage\":\"de\",\"potentialAction\":[{\"@type\":\"ReadAction\",\"target\":[\"https:\\\/\\\/serch.es\\\/de\\\/kontaktieren-sie-uns\\\/\"]}]},{\"@type\":\"ImageObject\",\"inLanguage\":\"de\",\"@id\":\"https:\\\/\\\/serch.es\\\/de\\\/kontaktieren-sie-uns\\\/#primaryimage\",\"url\":\"https:\\\/\\\/serch.es\\\/wp-content\\\/uploads\\\/2018\\\/11\\\/fundrazr.png\",\"contentUrl\":\"https:\\\/\\\/serch.es\\\/wp-content\\\/uploads\\\/2018\\\/11\\\/fundrazr.png\"},{\"@type\":\"BreadcrumbList\",\"@id\":\"https:\\\/\\\/serch.es\\\/de\\\/kontaktieren-sie-uns\\\/#breadcrumb\",\"itemListElement\":[{\"@type\":\"ListItem\",\"position\":1,\"name\":\"Home\",\"item\":\"https:\\\/\\\/serch.es\\\/de\\\/\"},{\"@type\":\"ListItem\",\"position\":2,\"name\":\"Kontaktieren Sie uns\"}]},{\"@type\":\"WebSite\",\"@id\":\"https:\\\/\\\/serch.es\\\/de\\\/#website\",\"url\":\"https:\\\/\\\/serch.es\\\/de\\\/\",\"name\":\"S.E.A.R.C.H.\",\"description\":\"\",\"publisher\":{\"@id\":\"https:\\\/\\\/serch.es\\\/de\\\/#organization\"},\"potentialAction\":[{\"@type\":\"SearchAction\",\"target\":{\"@type\":\"EntryPoint\",\"urlTemplate\":\"https:\\\/\\\/serch.es\\\/de\\\/?s={search_term_string}\"},\"query-input\":{\"@type\":\"PropertyValueSpecification\",\"valueRequired\":true,\"valueName\":\"search_term_string\"}}],\"inLanguage\":\"de\"},{\"@type\":\"Organization\",\"@id\":\"https:\\\/\\\/serch.es\\\/de\\\/#organization\",\"name\":\"S.E.A.R.C.H.\",\"url\":\"https:\\\/\\\/serch.es\\\/de\\\/\",\"logo\":{\"@type\":\"ImageObject\",\"inLanguage\":\"de\",\"@id\":\"https:\\\/\\\/serch.es\\\/de\\\/#\\\/schema\\\/logo\\\/image\\\/\",\"url\":\"https:\\\/\\\/serch.es\\\/wp-content\\\/uploads\\\/2016\\\/10\\\/search-logo.jpg\",\"contentUrl\":\"https:\\\/\\\/serch.es\\\/wp-content\\\/uploads\\\/2016\\\/10\\\/search-logo.jpg\",\"width\":341,\"height\":223,\"caption\":\"S.E.A.R.C.H.\"},\"image\":{\"@id\":\"https:\\\/\\\/serch.es\\\/de\\\/#\\\/schema\\\/logo\\\/image\\\/\"},\"sameAs\":[\"https:\\\/\\\/www.facebook.com\\\/SpanishEquineAssociation\\\/\"]}]}<\/script>\n<!-- \/ Yoast SEO plugin. -->","yoast_head_json":{"title":"Kontaktieren Sie uns - S.E.A.R.C.H.","robots":{"index":"index","follow":"follow","max-snippet":"max-snippet:-1","max-image-preview":"max-image-preview:large","max-video-preview":"max-video-preview:-1"},"canonical":"https:\/\/serch.es\/de\/kontaktieren-sie-uns\/","og_locale":"de_DE","og_type":"article","og_title":"Kontaktieren Sie uns - S.E.A.R.C.H.","og_description":"Telefon: +34 660 220 700 (Sue) E-mail: info@serch.es Postadresse: Box 252, Co\u00edn 29100 M\u00e1laga-Spain Eingetragene Wohlt\u00e4tigkeitsnummer: 9932 Bitte helfen Sie uns, einen Unterschied zu machen! via Bank Transfer Bank: BANCO POPULAR IBAN: ES22 0075 3489 2406 0025 5072 BIC: POPUESMM via PayPal via FundRazr","og_url":"https:\/\/serch.es\/de\/kontaktieren-sie-uns\/","og_site_name":"S.E.A.R.C.H.","article_publisher":"https:\/\/www.facebook.com\/SpanishEquineAssociation\/","article_modified_time":"2024-02-08T20:30:04+00:00","og_image":[{"url":"https:\/\/serch.es\/wp-content\/uploads\/2018\/11\/fundrazr.png","type":"","width":"","height":""}],"twitter_card":"summary_large_image","schema":{"@context":"https:\/\/schema.org","@graph":[{"@type":"WebPage","@id":"https:\/\/serch.es\/de\/kontaktieren-sie-uns\/","url":"https:\/\/serch.es\/de\/kontaktieren-sie-uns\/","name":"Kontaktieren Sie uns - S.E.A.R.C.H.","isPartOf":{"@id":"https:\/\/serch.es\/de\/#website"},"primaryImageOfPage":{"@id":"https:\/\/serch.es\/de\/kontaktieren-sie-uns\/#primaryimage"},"image":{"@id":"https:\/\/serch.es\/de\/kontaktieren-sie-uns\/#primaryimage"},"thumbnailUrl":"https:\/\/serch.es\/wp-content\/uploads\/2018\/11\/fundrazr.png","datePublished":"2019-01-02T16:25:39+00:00","dateModified":"2024-02-08T20:30:04+00:00","breadcrumb":{"@id":"https:\/\/serch.es\/de\/kontaktieren-sie-uns\/#breadcrumb"},"inLanguage":"de","potentialAction":[{"@type":"ReadAction","target":["https:\/\/serch.es\/de\/kontaktieren-sie-uns\/"]}]},{"@type":"ImageObject","inLanguage":"de","@id":"https:\/\/serch.es\/de\/kontaktieren-sie-uns\/#primaryimage","url":"https:\/\/serch.es\/wp-content\/uploads\/2018\/11\/fundrazr.png","contentUrl":"https:\/\/serch.es\/wp-content\/uploads\/2018\/11\/fundrazr.png"},{"@type":"BreadcrumbList","@id":"https:\/\/serch.es\/de\/kontaktieren-sie-uns\/#breadcrumb","itemListElement":[{"@type":"ListItem","position":1,"name":"Home","item":"https:\/\/serch.es\/de\/"},{"@type":"ListItem","position":2,"name":"Kontaktieren Sie uns"}]},{"@type":"WebSite","@id":"https:\/\/serch.es\/de\/#website","url":"https:\/\/serch.es\/de\/","name":"S.E.A.R.C.H.","description":"","publisher":{"@id":"https:\/\/serch.es\/de\/#organization"},"potentialAction":[{"@type":"SearchAction","target":{"@type":"EntryPoint","urlTemplate":"https:\/\/serch.es\/de\/?s={search_term_string}"},"query-input":{"@type":"PropertyValueSpecification","valueRequired":true,"valueName":"search_term_string"}}],"inLanguage":"de"},{"@type":"Organization","@id":"https:\/\/serch.es\/de\/#organization","name":"S.E.A.R.C.H.","url":"https:\/\/serch.es\/de\/","logo":{"@type":"ImageObject","inLanguage":"de","@id":"https:\/\/serch.es\/de\/#\/schema\/logo\/image\/","url":"https:\/\/serch.es\/wp-content\/uploads\/2016\/10\/search-logo.jpg","contentUrl":"https:\/\/serch.es\/wp-content\/uploads\/2016\/10\/search-logo.jpg","width":341,"height":223,"caption":"S.E.A.R.C.H."},"image":{"@id":"https:\/\/serch.es\/de\/#\/schema\/logo\/image\/"},"sameAs":["https:\/\/www.facebook.com\/SpanishEquineAssociation\/"]}]}},"_links":{"self":[{"href":"https:\/\/serch.es\/de\/wp-json\/wp\/v2\/pages\/1044","targetHints":{"allow":["GET"]}}],"collection":[{"href":"https:\/\/serch.es\/de\/wp-json\/wp\/v2\/pages"}],"about":[{"href":"https:\/\/serch.es\/de\/wp-json\/wp\/v2\/types\/page"}],"author":[{"embeddable":true,"href":"https:\/\/serch.es\/de\/wp-json\/wp\/v2\/users\/1"}],"replies":[{"embeddable":true,"href":"https:\/\/serch.es\/de\/wp-json\/wp\/v2\/comments?post=1044"}],"version-history":[{"count":3,"href":"https:\/\/serch.es\/de\/wp-json\/wp\/v2\/pages\/1044\/revisions"}],"predecessor-version":[{"id":1836,"href":"https:\/\/serch.es\/de\/wp-json\/wp\/v2\/pages\/1044\/revisions\/1836"}],"wp:attachment":[{"href":"https:\/\/serch.es\/de\/wp-json\/wp\/v2\/media?parent=1044"}],"curies":[{"name":"wp","href":"https:\/\/api.w.org\/{rel}","templated":true}]}}