{"id":1039,"date":"2019-01-02T15:09:28","date_gmt":"2019-01-02T15:09:28","guid":{"rendered":"https:\/\/serch.es\/wie-konnen-sie-uns-helfen\/"},"modified":"2024-02-08T21:30:28","modified_gmt":"2024-02-08T20:30:28","slug":"wie-konnen-sie-uns-helfen","status":"publish","type":"page","link":"https:\/\/serch.es\/de\/wie-konnen-sie-uns-helfen\/","title":{"rendered":"Wie k\u00f6nnen Sie uns helfen?"},"content":{"rendered":"\t\t<div data-elementor-type=\"wp-post\" data-elementor-id=\"1039\" class=\"elementor elementor-1039 elementor-22\">\n\t\t\t\t\t\t<section class=\"elementor-section elementor-top-section elementor-element elementor-element-3b943c8 elementor-section-boxed elementor-section-height-default elementor-section-height-default\" data-id=\"3b943c8\" data-element_type=\"section\" data-e-type=\"section\">\n\t\t\t\t\t\t<div class=\"elementor-container elementor-column-gap-default\">\n\t\t\t\t\t<div class=\"elementor-column elementor-col-100 elementor-top-column elementor-element elementor-element-3826d6f\" data-id=\"3826d6f\" data-element_type=\"column\" data-e-type=\"column\">\n\t\t\t<div class=\"elementor-widget-wrap elementor-element-populated\">\n\t\t\t\t\t\t<div class=\"elementor-element elementor-element-c1f1533 elementor-widget elementor-widget-text-editor\" data-id=\"c1f1533\" data-element_type=\"widget\" data-e-type=\"widget\" data-widget_type=\"text-editor.default\">\n\t\t\t\t<div class=\"elementor-widget-container\">\n\t\t\t\t\t\t\t\t\t<h5>SPENDEN<\/h5>\n<p>k\u00f6nnen als einmalige Zahlung oder als monatlicher Beitrag geleistet werden. Ihre Spende wird haupts\u00e4chlich f\u00fcr Nahrung, sichere Unterbringung und n\u00f6tige medizinische Behandlungen der von S.E.A.R.C.H. geretteten Pferde verwendet. Ausserdem k\u00f6nnte Ihre Spende den Pferden, die fit genug f\u00fcr eine neues Zuhause sind, erm\u00f6glichen, dass diese auf sanfte und nat\u00fcrliche Weise trainiert werden k\u00f6nnen.<\/p>\n<h5>SPONSORING<\/h5>\n<p>Unseren langfristigen Bewohnern k\u00f6nnte dies eine gl\u00fcckliche und sichere Zukunft garantieren. Diese Pferde haben Leid und Elend \u00fcber sich ergehen lassen m\u00fcssen. Sie haben unerm\u00fcdlich gearbeitet und daf\u00fcr keinerlei Belohnungen erhalten. Sie sollen hier bei uns ihren wohl verdienten Ruhestand geniessen d\u00fcrfen.<\/p>\n<p>Sie k\u00f6nnen ein Pferd mit einer einmaligen Zahlung sponsern oder mit einer monatlichen Spende dessen Versorgung gew\u00e4hrleisten. In diesem Fall werden wir Sie pers\u00f6nlich \u00fcber die Entwicklung des von Ihnen gesponserten Pferdes informieren. Gutschein-Zertifikate k\u00f6nnen ausgestellt werden, falls Sie dies im Namen von jemand anderem machen m\u00f6chten.<\/p>\n<h5>ADOPTION<\/h5>\n<p>eines der Pferde, die nun fit sind und eine naturorientierte Schulung erhalten haben, die ihm erm\u00f6glicht zufrieden und gesund zu sein und somit in einem neuen, liebevollen Zuhause untergebracht werden zu k\u00f6nnen. Wir sind sehr vorsichtig damit, ein Pferd in die Obhut eines neuen Besitzers zu geben, da wir wollen, dass diese Beziehung ein Leben lang anh\u00e4lt! Wir vermitteln unsere Pferde nach Spanien und Gro\u00dfbritannien.<\/p>\n<h5>PFLEGEUNTERBRINGUNG<\/h5>\n<p>ist eine andere Option f\u00fcr Pferde, die eine gewisse Zeit f\u00fcr ihre Rehabilitation ben\u00f6tigen oder auf ein neues Zuhause warten. Falls Sie kein Langzeit-Zuhause anbieten k\u00f6nnen, jedoch Zeit und Raum haben, um sich f\u00fcr eine gewisse Zeit um eines unserer Pferde zu k\u00fcmmern, ist dies eine weitere M\u00f6glichkeit uns zu helfen.<\/p>\n<h5>SPENDENAKTIONEN<\/h5>\n<p>sind wichtiger denn je, da zurzeit aufgrund der \u00f6konomischen Krise aussergew\u00f6hnlich viele Pferde zur\u00fcckgelassen werden. In Spanien liegt die Arbeitslosenrate momentan bei 33% mit steigender Tendenz, was verursacht, dass Einwohner einfach nicht mehr auf ihre Haustiere aufpassen k\u00f6nnen und t\u00e4glich hunderte von ihnen zum Sterben zur\u00fcckgelassen werden. Falls Sie in irgendeiner Weise dazu beitragen k\u00f6nnen, die dringend ben\u00f6tigten Spenden aufzutreiben, kontaktieren Sie uns bitte. Allein wenn Sie das Thema bei einem gem\u00fctlichen Kaffeeklatsch mit Ihren Freunden einbringen oder eine Spendenb\u00fcchse in der Schule herumgeben, k\u00f6nnten Sie so viel bewirken.<\/p>\n<h5>EHRENAMTLICHE HELFER<\/h5>\n<p>werden bei unseren Spendenaktionen immer ben\u00f6tigt und insbesondere in unserem Rehabilitationszentrum selbst. Falls Sie in der N\u00e4he leben und ein paar Stunden aufbringen k\u00f6nnten, sei es auch nur einmal im Monat, um uns beim Ausmisten oder beim Putzen der Pferde zu helfen, k\u00f6nnten Sie uns damit einen riesigen Gefallen tun.<\/p>\n<h5>ERBE<\/h5>\n<p>Spenden, d.h. eine Wohlt\u00e4tigkeitsorganisation in Ihrem Testament zu erw\u00e4hnen kann eine wundervolle, bleibende Erinnerung eines jeden Tierliebhabers sein.<\/p>\n<h5>SPENDEN SIE AN S.E.A.R.C.H:<\/h5>\n\t\t\t\t\t\t\t\t<\/div>\n\t\t\t\t<\/div>\n\t\t\t\t\t<\/div>\n\t\t<\/div>\n\t\t\t\t\t<\/div>\n\t\t<\/section>\n\t\t\t\t<section class=\"elementor-section elementor-top-section elementor-element elementor-element-22c55cc7 elementor-section-boxed elementor-section-height-default elementor-section-height-default\" data-id=\"22c55cc7\" data-element_type=\"section\" data-e-type=\"section\">\n\t\t\t\t\t\t<div class=\"elementor-container elementor-column-gap-default\">\n\t\t\t\t\t<div class=\"elementor-column elementor-col-33 elementor-top-column elementor-element elementor-element-1c359318\" data-id=\"1c359318\" data-element_type=\"column\" data-e-type=\"column\">\n\t\t\t<div class=\"elementor-widget-wrap elementor-element-populated\">\n\t\t\t\t\t\t<div class=\"elementor-element elementor-element-93261c8 elementor-widget elementor-widget-heading\" data-id=\"93261c8\" data-element_type=\"widget\" data-e-type=\"widget\" data-widget_type=\"heading.default\">\n\t\t\t\t<div class=\"elementor-widget-container\">\n\t\t\t\t\t<h3 class=\"elementor-heading-title elementor-size-default\">via Bank-Transfer <\/h3>\t\t\t\t<\/div>\n\t\t\t\t<\/div>\n\t\t\t\t<div class=\"elementor-element elementor-element-73a62fa7 elementor-widget-divider--view-line elementor-widget elementor-widget-divider\" data-id=\"73a62fa7\" data-element_type=\"widget\" data-e-type=\"widget\" data-widget_type=\"divider.default\">\n\t\t\t\t<div class=\"elementor-widget-container\">\n\t\t\t\t\t\t\t<div class=\"elementor-divider\">\n\t\t\t<span class=\"elementor-divider-separator\">\n\t\t\t\t\t\t<\/span>\n\t\t<\/div>\n\t\t\t\t\t\t<\/div>\n\t\t\t\t<\/div>\n\t\t\t\t<div class=\"elementor-element elementor-element-76ed0262 elementor-widget elementor-widget-text-editor\" data-id=\"76ed0262\" data-element_type=\"widget\" data-e-type=\"widget\" data-widget_type=\"text-editor.default\">\n\t\t\t\t<div class=\"elementor-widget-container\">\n\t\t\t\t\t\t\t\t\t<p class=\"textwidget\"><em>Bank:<\/em><br \/>\n<strong>BANCO POPULAR<\/strong><\/p>\n<p class=\"textwidget\"><em>IBAN:<\/em><br \/>\n<strong>ES22 0075 3489 2406 0025 5072<\/strong><\/p>\n<p class=\"textwidget\"><em>BIC:<\/em><br \/>\n<strong>POPUESMM<\/strong><\/p>\n\t\t\t\t\t\t\t\t<\/div>\n\t\t\t\t<\/div>\n\t\t\t\t\t<\/div>\n\t\t<\/div>\n\t\t\t\t<div class=\"elementor-column elementor-col-33 elementor-top-column elementor-element elementor-element-d9f75b3\" data-id=\"d9f75b3\" data-element_type=\"column\" data-e-type=\"column\">\n\t\t\t<div class=\"elementor-widget-wrap elementor-element-populated\">\n\t\t\t\t\t\t<div class=\"elementor-element elementor-element-b2ff7bd elementor-widget elementor-widget-heading\" data-id=\"b2ff7bd\" data-element_type=\"widget\" data-e-type=\"widget\" data-widget_type=\"heading.default\">\n\t\t\t\t<div class=\"elementor-widget-container\">\n\t\t\t\t\t<h3 class=\"elementor-heading-title elementor-size-default\">via PayPal<\/h3>\t\t\t\t<\/div>\n\t\t\t\t<\/div>\n\t\t\t\t<div class=\"elementor-element elementor-element-4ad1b0e elementor-widget-divider--view-line elementor-widget elementor-widget-divider\" data-id=\"4ad1b0e\" data-element_type=\"widget\" data-e-type=\"widget\" data-widget_type=\"divider.default\">\n\t\t\t\t<div class=\"elementor-widget-container\">\n\t\t\t\t\t\t\t<div class=\"elementor-divider\">\n\t\t\t<span class=\"elementor-divider-separator\">\n\t\t\t\t\t\t<\/span>\n\t\t<\/div>\n\t\t\t\t\t\t<\/div>\n\t\t\t\t<\/div>\n\t\t\t\t<div class=\"elementor-element elementor-element-224858f elementor-widget elementor-widget-wp-widget-donation_button_admin_widget\" data-id=\"224858f\" data-element_type=\"widget\" data-e-type=\"widget\" data-widget_type=\"wp-widget-donation_button_admin_widget.default\">\n\t\t\t\t<div class=\"elementor-widget-container\">\n\t\t\t\t\t<div class=\"page-sidebar widget\" id=\"donation_buttons\"><form action=\"https:\/\/www.paypal.com\/cgi-bin\/webscr\" method=\"post\" target=\"_blank\" ><input type=\"hidden\" name=\"business\" value=\"info@serch.es\"><input type=\"hidden\" name=\"bn\" value=\"mbjtechnolabs_SP\"><input type=\"hidden\" name=\"cmd\" value=\"_donations\"><input type=\"hidden\" name=\"item_name\" value=\"S.E.A.R.C.H.\"><table ><tbody><tr><td><input style=\"margin-top:10px;\" type=\"image\" name=\"submit\" border=\"0\" src=\"https:\/\/serch.es\/wp-content\/uploads\/2018\/11\/paypal-donatel.png\" alt=\"PayPal - The safer, easier way to pay online\"><\/td><\/tr><\/tbody><\/table><input type=\"hidden\" name=\"currency_code\" value=\"EUR\"><input type=\"hidden\" name=\"notify_url\" value=\"https:\/\/serch.es\/?Donation_Button&#038;action=ipn_handler\"><\/form><\/div>\t\t\t\t<\/div>\n\t\t\t\t<\/div>\n\t\t\t\t\t<\/div>\n\t\t<\/div>\n\t\t\t\t<div class=\"elementor-column elementor-col-33 elementor-top-column elementor-element elementor-element-76dedc3\" data-id=\"76dedc3\" data-element_type=\"column\" data-e-type=\"column\">\n\t\t\t<div class=\"elementor-widget-wrap elementor-element-populated\">\n\t\t\t\t\t\t<div class=\"elementor-element elementor-element-b7421e0 elementor-widget elementor-widget-heading\" data-id=\"b7421e0\" data-element_type=\"widget\" data-e-type=\"widget\" data-widget_type=\"heading.default\">\n\t\t\t\t<div class=\"elementor-widget-container\">\n\t\t\t\t\t<h3 class=\"elementor-heading-title elementor-size-default\">via FundRazr<\/h3>\t\t\t\t<\/div>\n\t\t\t\t<\/div>\n\t\t\t\t<div class=\"elementor-element elementor-element-128a1de elementor-widget-divider--view-line elementor-widget elementor-widget-divider\" data-id=\"128a1de\" data-element_type=\"widget\" data-e-type=\"widget\" data-widget_type=\"divider.default\">\n\t\t\t\t<div class=\"elementor-widget-container\">\n\t\t\t\t\t\t\t<div class=\"elementor-divider\">\n\t\t\t<span class=\"elementor-divider-separator\">\n\t\t\t\t\t\t<\/span>\n\t\t<\/div>\n\t\t\t\t\t\t<\/div>\n\t\t\t\t<\/div>\n\t\t\t\t<div class=\"elementor-element elementor-element-8de5bdf elementor-widget elementor-widget-spacer\" data-id=\"8de5bdf\" data-element_type=\"widget\" data-e-type=\"widget\" data-widget_type=\"spacer.default\">\n\t\t\t\t<div class=\"elementor-widget-container\">\n\t\t\t\t\t\t\t<div class=\"elementor-spacer\">\n\t\t\t<div class=\"elementor-spacer-inner\"><\/div>\n\t\t<\/div>\n\t\t\t\t\t\t<\/div>\n\t\t\t\t<\/div>\n\t\t\t\t<div class=\"elementor-element elementor-element-7a88c25 elementor-widget elementor-widget-image\" data-id=\"7a88c25\" data-element_type=\"widget\" data-e-type=\"widget\" data-widget_type=\"image.default\">\n\t\t\t\t<div class=\"elementor-widget-container\">\n\t\t\t\t\t\t\t\t\t\t\t\t\t\t\t\t<a href=\"http:\/\/fnd.us\/c\/b16S3f\/sh\/45Vh42\" target=\"_blank\">\n\t\t\t\t\t\t\t<img decoding=\"async\" width=\"320\" height=\"79\" src=\"https:\/\/serch.es\/wp-content\/uploads\/2018\/11\/fundrazr.png\" class=\"attachment-full size-full wp-image-872\" alt=\"\" srcset=\"https:\/\/serch.es\/wp-content\/uploads\/2018\/11\/fundrazr.png 320w, https:\/\/serch.es\/wp-content\/uploads\/2018\/11\/fundrazr-300x74.png 300w\" sizes=\"(max-width: 320px) 100vw, 320px\" \/>\t\t\t\t\t\t\t\t<\/a>\n\t\t\t\t\t\t\t\t\t\t\t\t\t\t\t<\/div>\n\t\t\t\t<\/div>\n\t\t\t\t\t<\/div>\n\t\t<\/div>\n\t\t\t\t\t<\/div>\n\t\t<\/section>\n\t\t\t\t<\/div>\n\t\t","protected":false},"excerpt":{"rendered":"<p>SPENDEN k\u00f6nnen als einmalige Zahlung oder als monatlicher Beitrag geleistet werden. Ihre Spende wird haupts\u00e4chlich f\u00fcr Nahrung, sichere Unterbringung und n\u00f6tige medizinische Behandlungen der von S.E.A.R.C.H. geretteten Pferde verwendet. Ausserdem k\u00f6nnte Ihre Spende den Pferden, die fit genug f\u00fcr eine neues Zuhause sind, erm\u00f6glichen, dass diese auf sanfte und nat\u00fcrliche Weise trainiert werden k\u00f6nnen. SPONSORING [&hellip;]<\/p>\n","protected":false},"author":1,"featured_media":814,"parent":0,"menu_order":0,"comment_status":"closed","ping_status":"closed","template":"","meta":{"_monsterinsights_skip_tracking":false,"_monsterinsights_sitenote_active":false,"_monsterinsights_sitenote_note":"","_monsterinsights_sitenote_category":0,"site-sidebar-layout":"no-sidebar","site-content-layout":"","ast-site-content-layout":"default","site-content-style":"default","site-sidebar-style":"default","ast-global-header-display":"","ast-banner-title-visibility":"","ast-main-header-display":"","ast-hfb-above-header-display":"","ast-hfb-below-header-display":"","ast-hfb-mobile-header-display":"","site-post-title":"","ast-breadcrumbs-content":"","ast-featured-img":"","footer-sml-layout":"","ast-disable-related-posts":"","theme-transparent-header-meta":"","adv-header-id-meta":"","stick-header-meta":"","header-above-stick-meta":"","header-main-stick-meta":"","header-below-stick-meta":"","astra-migrate-meta-layouts":"default","ast-page-background-enabled":"default","ast-page-background-meta":{"desktop":{"background-color":"","background-image":"","background-repeat":"repeat","background-position":"center center","background-size":"auto","background-attachment":"scroll","background-type":"","background-media":"","overlay-type":"","overlay-color":"","overlay-opacity":"","overlay-gradient":""},"tablet":{"background-color":"","background-image":"","background-repeat":"repeat","background-position":"center center","background-size":"auto","background-attachment":"scroll","background-type":"","background-media":"","overlay-type":"","overlay-color":"","overlay-opacity":"","overlay-gradient":""},"mobile":{"background-color":"","background-image":"","background-repeat":"repeat","background-position":"center center","background-size":"auto","background-attachment":"scroll","background-type":"","background-media":"","overlay-type":"","overlay-color":"","overlay-opacity":"","overlay-gradient":""}},"ast-content-background-meta":{"desktop":{"background-color":"var(--ast-global-color-5)","background-image":"","background-repeat":"repeat","background-position":"center center","background-size":"auto","background-attachment":"scroll","background-type":"","background-media":"","overlay-type":"","overlay-color":"","overlay-opacity":"","overlay-gradient":""},"tablet":{"background-color":"var(--ast-global-color-5)","background-image":"","background-repeat":"repeat","background-position":"center center","background-size":"auto","background-attachment":"scroll","background-type":"","background-media":"","overlay-type":"","overlay-color":"","overlay-opacity":"","overlay-gradient":""},"mobile":{"background-color":"var(--ast-global-color-5)","background-image":"","background-repeat":"repeat","background-position":"center center","background-size":"auto","background-attachment":"scroll","background-type":"","background-media":"","overlay-type":"","overlay-color":"","overlay-opacity":"","overlay-gradient":""}},"footnotes":""},"class_list":["post-1039","page","type-page","status-publish","has-post-thumbnail","hentry"],"yoast_head":"<!-- This site is optimized with the Yoast SEO plugin v27.4 - https:\/\/yoast.com\/product\/yoast-seo-wordpress\/ -->\n<title>Wie k\u00f6nnen Sie uns helfen? - S.E.A.R.C.H.<\/title>\n<meta name=\"robots\" content=\"index, follow, max-snippet:-1, max-image-preview:large, max-video-preview:-1\" \/>\n<link rel=\"canonical\" href=\"https:\/\/serch.es\/de\/wie-konnen-sie-uns-helfen\/\" \/>\n<meta property=\"og:locale\" content=\"de_DE\" \/>\n<meta property=\"og:type\" content=\"article\" \/>\n<meta property=\"og:title\" content=\"Wie k\u00f6nnen Sie uns helfen? - S.E.A.R.C.H.\" \/>\n<meta property=\"og:description\" content=\"SPENDEN k\u00f6nnen als einmalige Zahlung oder als monatlicher Beitrag geleistet werden. Ihre Spende wird haupts\u00e4chlich f\u00fcr Nahrung, sichere Unterbringung und n\u00f6tige medizinische Behandlungen der von S.E.A.R.C.H. geretteten Pferde verwendet. Ausserdem k\u00f6nnte Ihre Spende den Pferden, die fit genug f\u00fcr eine neues Zuhause sind, erm\u00f6glichen, dass diese auf sanfte und nat\u00fcrliche Weise trainiert werden k\u00f6nnen. SPONSORING [&hellip;]\" \/>\n<meta property=\"og:url\" content=\"https:\/\/serch.es\/de\/wie-konnen-sie-uns-helfen\/\" \/>\n<meta property=\"og:site_name\" content=\"S.E.A.R.C.H.\" \/>\n<meta property=\"article:publisher\" content=\"https:\/\/www.facebook.com\/SpanishEquineAssociation\/\" \/>\n<meta property=\"article:modified_time\" content=\"2024-02-08T20:30:28+00:00\" \/>\n<meta property=\"og:image\" content=\"https:\/\/serch.es\/wp-content\/uploads\/2016\/10\/slider03.jpg\" \/>\n\t<meta property=\"og:image:width\" content=\"1400\" \/>\n\t<meta property=\"og:image:height\" content=\"650\" \/>\n\t<meta property=\"og:image:type\" content=\"image\/jpeg\" \/>\n<meta name=\"twitter:card\" content=\"summary_large_image\" \/>\n<meta name=\"twitter:label1\" content=\"Gesch\u00e4tzte Lesezeit\" \/>\n\t<meta name=\"twitter:data1\" content=\"2\u00a0Minuten\" \/>\n<script type=\"application\/ld+json\" class=\"yoast-schema-graph\">{\"@context\":\"https:\\\/\\\/schema.org\",\"@graph\":[{\"@type\":\"WebPage\",\"@id\":\"https:\\\/\\\/serch.es\\\/de\\\/wie-konnen-sie-uns-helfen\\\/\",\"url\":\"https:\\\/\\\/serch.es\\\/de\\\/wie-konnen-sie-uns-helfen\\\/\",\"name\":\"Wie k\u00f6nnen Sie uns helfen? - S.E.A.R.C.H.\",\"isPartOf\":{\"@id\":\"https:\\\/\\\/serch.es\\\/de\\\/#website\"},\"primaryImageOfPage\":{\"@id\":\"https:\\\/\\\/serch.es\\\/de\\\/wie-konnen-sie-uns-helfen\\\/#primaryimage\"},\"image\":{\"@id\":\"https:\\\/\\\/serch.es\\\/de\\\/wie-konnen-sie-uns-helfen\\\/#primaryimage\"},\"thumbnailUrl\":\"https:\\\/\\\/serch.es\\\/wp-content\\\/uploads\\\/2016\\\/10\\\/slider03.jpg\",\"datePublished\":\"2019-01-02T15:09:28+00:00\",\"dateModified\":\"2024-02-08T20:30:28+00:00\",\"breadcrumb\":{\"@id\":\"https:\\\/\\\/serch.es\\\/de\\\/wie-konnen-sie-uns-helfen\\\/#breadcrumb\"},\"inLanguage\":\"de\",\"potentialAction\":[{\"@type\":\"ReadAction\",\"target\":[\"https:\\\/\\\/serch.es\\\/de\\\/wie-konnen-sie-uns-helfen\\\/\"]}]},{\"@type\":\"ImageObject\",\"inLanguage\":\"de\",\"@id\":\"https:\\\/\\\/serch.es\\\/de\\\/wie-konnen-sie-uns-helfen\\\/#primaryimage\",\"url\":\"https:\\\/\\\/serch.es\\\/wp-content\\\/uploads\\\/2016\\\/10\\\/slider03.jpg\",\"contentUrl\":\"https:\\\/\\\/serch.es\\\/wp-content\\\/uploads\\\/2016\\\/10\\\/slider03.jpg\",\"width\":1400,\"height\":650},{\"@type\":\"BreadcrumbList\",\"@id\":\"https:\\\/\\\/serch.es\\\/de\\\/wie-konnen-sie-uns-helfen\\\/#breadcrumb\",\"itemListElement\":[{\"@type\":\"ListItem\",\"position\":1,\"name\":\"Home\",\"item\":\"https:\\\/\\\/serch.es\\\/de\\\/\"},{\"@type\":\"ListItem\",\"position\":2,\"name\":\"Wie k\u00f6nnen Sie uns helfen?\"}]},{\"@type\":\"WebSite\",\"@id\":\"https:\\\/\\\/serch.es\\\/de\\\/#website\",\"url\":\"https:\\\/\\\/serch.es\\\/de\\\/\",\"name\":\"S.E.A.R.C.H.\",\"description\":\"\",\"publisher\":{\"@id\":\"https:\\\/\\\/serch.es\\\/de\\\/#organization\"},\"potentialAction\":[{\"@type\":\"SearchAction\",\"target\":{\"@type\":\"EntryPoint\",\"urlTemplate\":\"https:\\\/\\\/serch.es\\\/de\\\/?s={search_term_string}\"},\"query-input\":{\"@type\":\"PropertyValueSpecification\",\"valueRequired\":true,\"valueName\":\"search_term_string\"}}],\"inLanguage\":\"de\"},{\"@type\":\"Organization\",\"@id\":\"https:\\\/\\\/serch.es\\\/de\\\/#organization\",\"name\":\"S.E.A.R.C.H.\",\"url\":\"https:\\\/\\\/serch.es\\\/de\\\/\",\"logo\":{\"@type\":\"ImageObject\",\"inLanguage\":\"de\",\"@id\":\"https:\\\/\\\/serch.es\\\/de\\\/#\\\/schema\\\/logo\\\/image\\\/\",\"url\":\"https:\\\/\\\/serch.es\\\/wp-content\\\/uploads\\\/2016\\\/10\\\/search-logo.jpg\",\"contentUrl\":\"https:\\\/\\\/serch.es\\\/wp-content\\\/uploads\\\/2016\\\/10\\\/search-logo.jpg\",\"width\":341,\"height\":223,\"caption\":\"S.E.A.R.C.H.\"},\"image\":{\"@id\":\"https:\\\/\\\/serch.es\\\/de\\\/#\\\/schema\\\/logo\\\/image\\\/\"},\"sameAs\":[\"https:\\\/\\\/www.facebook.com\\\/SpanishEquineAssociation\\\/\"]}]}<\/script>\n<!-- \/ Yoast SEO plugin. -->","yoast_head_json":{"title":"Wie k\u00f6nnen Sie uns helfen? - S.E.A.R.C.H.","robots":{"index":"index","follow":"follow","max-snippet":"max-snippet:-1","max-image-preview":"max-image-preview:large","max-video-preview":"max-video-preview:-1"},"canonical":"https:\/\/serch.es\/de\/wie-konnen-sie-uns-helfen\/","og_locale":"de_DE","og_type":"article","og_title":"Wie k\u00f6nnen Sie uns helfen? - S.E.A.R.C.H.","og_description":"SPENDEN k\u00f6nnen als einmalige Zahlung oder als monatlicher Beitrag geleistet werden. Ihre Spende wird haupts\u00e4chlich f\u00fcr Nahrung, sichere Unterbringung und n\u00f6tige medizinische Behandlungen der von S.E.A.R.C.H. geretteten Pferde verwendet. Ausserdem k\u00f6nnte Ihre Spende den Pferden, die fit genug f\u00fcr eine neues Zuhause sind, erm\u00f6glichen, dass diese auf sanfte und nat\u00fcrliche Weise trainiert werden k\u00f6nnen. SPONSORING [&hellip;]","og_url":"https:\/\/serch.es\/de\/wie-konnen-sie-uns-helfen\/","og_site_name":"S.E.A.R.C.H.","article_publisher":"https:\/\/www.facebook.com\/SpanishEquineAssociation\/","article_modified_time":"2024-02-08T20:30:28+00:00","og_image":[{"width":1400,"height":650,"url":"https:\/\/serch.es\/wp-content\/uploads\/2016\/10\/slider03.jpg","type":"image\/jpeg"}],"twitter_card":"summary_large_image","twitter_misc":{"Gesch\u00e4tzte Lesezeit":"2\u00a0Minuten"},"schema":{"@context":"https:\/\/schema.org","@graph":[{"@type":"WebPage","@id":"https:\/\/serch.es\/de\/wie-konnen-sie-uns-helfen\/","url":"https:\/\/serch.es\/de\/wie-konnen-sie-uns-helfen\/","name":"Wie k\u00f6nnen Sie uns helfen? - S.E.A.R.C.H.","isPartOf":{"@id":"https:\/\/serch.es\/de\/#website"},"primaryImageOfPage":{"@id":"https:\/\/serch.es\/de\/wie-konnen-sie-uns-helfen\/#primaryimage"},"image":{"@id":"https:\/\/serch.es\/de\/wie-konnen-sie-uns-helfen\/#primaryimage"},"thumbnailUrl":"https:\/\/serch.es\/wp-content\/uploads\/2016\/10\/slider03.jpg","datePublished":"2019-01-02T15:09:28+00:00","dateModified":"2024-02-08T20:30:28+00:00","breadcrumb":{"@id":"https:\/\/serch.es\/de\/wie-konnen-sie-uns-helfen\/#breadcrumb"},"inLanguage":"de","potentialAction":[{"@type":"ReadAction","target":["https:\/\/serch.es\/de\/wie-konnen-sie-uns-helfen\/"]}]},{"@type":"ImageObject","inLanguage":"de","@id":"https:\/\/serch.es\/de\/wie-konnen-sie-uns-helfen\/#primaryimage","url":"https:\/\/serch.es\/wp-content\/uploads\/2016\/10\/slider03.jpg","contentUrl":"https:\/\/serch.es\/wp-content\/uploads\/2016\/10\/slider03.jpg","width":1400,"height":650},{"@type":"BreadcrumbList","@id":"https:\/\/serch.es\/de\/wie-konnen-sie-uns-helfen\/#breadcrumb","itemListElement":[{"@type":"ListItem","position":1,"name":"Home","item":"https:\/\/serch.es\/de\/"},{"@type":"ListItem","position":2,"name":"Wie k\u00f6nnen Sie uns helfen?"}]},{"@type":"WebSite","@id":"https:\/\/serch.es\/de\/#website","url":"https:\/\/serch.es\/de\/","name":"S.E.A.R.C.H.","description":"","publisher":{"@id":"https:\/\/serch.es\/de\/#organization"},"potentialAction":[{"@type":"SearchAction","target":{"@type":"EntryPoint","urlTemplate":"https:\/\/serch.es\/de\/?s={search_term_string}"},"query-input":{"@type":"PropertyValueSpecification","valueRequired":true,"valueName":"search_term_string"}}],"inLanguage":"de"},{"@type":"Organization","@id":"https:\/\/serch.es\/de\/#organization","name":"S.E.A.R.C.H.","url":"https:\/\/serch.es\/de\/","logo":{"@type":"ImageObject","inLanguage":"de","@id":"https:\/\/serch.es\/de\/#\/schema\/logo\/image\/","url":"https:\/\/serch.es\/wp-content\/uploads\/2016\/10\/search-logo.jpg","contentUrl":"https:\/\/serch.es\/wp-content\/uploads\/2016\/10\/search-logo.jpg","width":341,"height":223,"caption":"S.E.A.R.C.H."},"image":{"@id":"https:\/\/serch.es\/de\/#\/schema\/logo\/image\/"},"sameAs":["https:\/\/www.facebook.com\/SpanishEquineAssociation\/"]}]}},"_links":{"self":[{"href":"https:\/\/serch.es\/de\/wp-json\/wp\/v2\/pages\/1039","targetHints":{"allow":["GET"]}}],"collection":[{"href":"https:\/\/serch.es\/de\/wp-json\/wp\/v2\/pages"}],"about":[{"href":"https:\/\/serch.es\/de\/wp-json\/wp\/v2\/types\/page"}],"author":[{"embeddable":true,"href":"https:\/\/serch.es\/de\/wp-json\/wp\/v2\/users\/1"}],"replies":[{"embeddable":true,"href":"https:\/\/serch.es\/de\/wp-json\/wp\/v2\/comments?post=1039"}],"version-history":[{"count":2,"href":"https:\/\/serch.es\/de\/wp-json\/wp\/v2\/pages\/1039\/revisions"}],"predecessor-version":[{"id":1838,"href":"https:\/\/serch.es\/de\/wp-json\/wp\/v2\/pages\/1039\/revisions\/1838"}],"wp:featuredmedia":[{"embeddable":true,"href":"https:\/\/serch.es\/de\/wp-json\/wp\/v2\/media\/814"}],"wp:attachment":[{"href":"https:\/\/serch.es\/de\/wp-json\/wp\/v2\/media?parent=1039"}],"curies":[{"name":"wp","href":"https:\/\/api.w.org\/{rel}","templated":true}]}}