{"id":1032,"date":"2019-01-02T14:30:45","date_gmt":"2019-01-02T14:30:45","guid":{"rendered":"https:\/\/serch.es\/uber-uns\/"},"modified":"2024-02-08T21:29:39","modified_gmt":"2024-02-08T20:29:39","slug":"uber-uns","status":"publish","type":"page","link":"https:\/\/serch.es\/de\/uber-uns\/","title":{"rendered":"\u00dcber uns"},"content":{"rendered":"\t\t<div data-elementor-type=\"wp-post\" data-elementor-id=\"1032\" class=\"elementor elementor-1032 elementor-49\">\n\t\t\t\t\t\t<section class=\"elementor-section elementor-top-section elementor-element elementor-element-c5461f9 elementor-section-boxed elementor-section-height-default elementor-section-height-default\" data-id=\"c5461f9\" data-element_type=\"section\" data-e-type=\"section\">\n\t\t\t\t\t\t<div class=\"elementor-container elementor-column-gap-default\">\n\t\t\t\t\t<div class=\"elementor-column elementor-col-100 elementor-top-column elementor-element elementor-element-7646df30\" data-id=\"7646df30\" data-element_type=\"column\" data-e-type=\"column\">\n\t\t\t<div class=\"elementor-widget-wrap elementor-element-populated\">\n\t\t\t\t\t\t<div class=\"elementor-element elementor-element-8093b22 elementor-widget elementor-widget-heading\" data-id=\"8093b22\" data-element_type=\"widget\" data-e-type=\"widget\" data-widget_type=\"heading.default\">\n\t\t\t\t<div class=\"elementor-widget-container\">\n\t\t\t\t\t<h3 class=\"elementor-heading-title elementor-size-default\">Susan und Alan Perry \u2022 Finca El Sue\u00f1o, Coin<\/h3>\t\t\t\t<\/div>\n\t\t\t\t<\/div>\n\t\t\t\t\t<\/div>\n\t\t<\/div>\n\t\t\t\t\t<\/div>\n\t\t<\/section>\n\t\t\t\t<section class=\"elementor-section elementor-top-section elementor-element elementor-element-242856e elementor-section-boxed elementor-section-height-default elementor-section-height-default\" data-id=\"242856e\" data-element_type=\"section\" data-e-type=\"section\">\n\t\t\t\t\t\t<div class=\"elementor-container elementor-column-gap-default\">\n\t\t\t\t\t<div class=\"elementor-column elementor-col-33 elementor-top-column elementor-element elementor-element-be63703\" data-id=\"be63703\" data-element_type=\"column\" data-e-type=\"column\">\n\t\t\t<div class=\"elementor-widget-wrap elementor-element-populated\">\n\t\t\t\t\t\t<div class=\"elementor-element elementor-element-ea939d7 elementor-widget elementor-widget-image\" data-id=\"ea939d7\" data-element_type=\"widget\" data-e-type=\"widget\" data-widget_type=\"image.default\">\n\t\t\t\t<div class=\"elementor-widget-container\">\n\t\t\t\t\t\t\t\t\t\t\t\t\t\t\t<img fetchpriority=\"high\" decoding=\"async\" width=\"557\" height=\"446\" src=\"https:\/\/serch.es\/wp-content\/uploads\/2016\/10\/finca.jpg\" class=\"attachment-full size-full wp-image-808\" alt=\"\" srcset=\"https:\/\/serch.es\/wp-content\/uploads\/2016\/10\/finca.jpg 557w, https:\/\/serch.es\/wp-content\/uploads\/2016\/10\/finca-300x240.jpg 300w\" sizes=\"(max-width: 557px) 100vw, 557px\" \/>\t\t\t\t\t\t\t\t\t\t\t\t\t\t\t<\/div>\n\t\t\t\t<\/div>\n\t\t\t\t\t<\/div>\n\t\t<\/div>\n\t\t\t\t<div class=\"elementor-column elementor-col-66 elementor-top-column elementor-element elementor-element-54c2a2c\" data-id=\"54c2a2c\" data-element_type=\"column\" data-e-type=\"column\">\n\t\t\t<div class=\"elementor-widget-wrap elementor-element-populated\">\n\t\t\t\t\t\t<div class=\"elementor-element elementor-element-8629d90 elementor-widget elementor-widget-text-editor\" data-id=\"8629d90\" data-element_type=\"widget\" data-e-type=\"widget\" data-widget_type=\"text-editor.default\">\n\t\t\t\t<div class=\"elementor-widget-container\">\n\t\t\t\t\t\t\t\t\t<p>Die von S.E.A.R.C.H. geretteten Pferde leben auf unserem Hof, der gleichzeitig auch unser Zuhause ist. So k\u00f6nnen wir 24\/7 nach ihnen sehen. Wir haben keine festangestellten Mitarbeiter, die uns bei den t\u00e4glichen Aufgaben helfen. Dazu geh\u00f6ren unter anderem das Ausmisten der St\u00e4lle, die F\u00fctterung und die Pflege von kranken Tieren, sowie Reparaturen und die Aufrechterhaltung des Grundst\u00fccks.\u00a0S.E.A.R.C.H. als Organisation zahlt weder Miete, Rechnungen noch L\u00f6hne, was bedeutet, dass wir alle anf\u00e4lligen Kosten selbst bezahlen.<\/p>\n\t\t\t\t\t\t\t\t<\/div>\n\t\t\t\t<\/div>\n\t\t\t\t\t<\/div>\n\t\t<\/div>\n\t\t\t\t\t<\/div>\n\t\t<\/section>\n\t\t\t\t<section class=\"elementor-section elementor-top-section elementor-element elementor-element-46919c8 elementor-section-boxed elementor-section-height-default elementor-section-height-default\" data-id=\"46919c8\" data-element_type=\"section\" data-e-type=\"section\">\n\t\t\t\t\t\t<div class=\"elementor-container elementor-column-gap-default\">\n\t\t\t\t\t<div class=\"elementor-column elementor-col-100 elementor-top-column elementor-element elementor-element-220d8dd\" data-id=\"220d8dd\" data-element_type=\"column\" data-e-type=\"column\">\n\t\t\t<div class=\"elementor-widget-wrap elementor-element-populated\">\n\t\t\t\t\t\t<div class=\"elementor-element elementor-element-961da35 elementor-widget elementor-widget-text-editor\" data-id=\"961da35\" data-element_type=\"widget\" data-e-type=\"widget\" data-widget_type=\"text-editor.default\">\n\t\t\t\t<div class=\"elementor-widget-container\">\n\t\t\t\t\t\t\t\t\t<p>Das Geld, das wir durch Spendenaktionen und unsere freundlichen Unterst\u00fctzer einnehmen, wird ausschliesslich f\u00fcr die Verpflegung unserer Pferde verwendet. Wir erhalten keinerlei Gelder von anderen Quellen, was bedeutet, dass die Anzahl der Pferde, denen wir helfen k\u00f6nnen begrenzt ist.<\/p>\n<p>S.E.A.R.C.H. k\u00fcmmert sich momentan um 10 Pferde, von denen 5 aufgrund ihres hohen Alters und ihres physischen Zustands nicht wieder in einem neuen Zuhause untergebracht werden k\u00f6nnen. Diese Pferde mussten mehr als genug durch Menschen leiden und haben es verdient, nun bei uns ein sch\u00f6nes Restleben haben zu d\u00fcrfen.<\/p>\n<p>Momentan trainieren wir 4 unserer Pferde, damit sie sp\u00e4ter auch geritten werden k\u00f6nnen.<\/p>\n<p>Um die neusten Updates \u00fcber die Pferde zu erfahren, gehen Sie bitte auf unsere Facebook-Seite S.E.A.R.C.H.<\/p>\n\t\t\t\t\t\t\t\t<\/div>\n\t\t\t\t<\/div>\n\t\t\t\t\t<\/div>\n\t\t<\/div>\n\t\t\t\t\t<\/div>\n\t\t<\/section>\n\t\t\t\t<section class=\"elementor-section elementor-top-section elementor-element elementor-element-733f695 elementor-section-boxed elementor-section-height-default elementor-section-height-default\" data-id=\"733f695\" data-element_type=\"section\" data-e-type=\"section\">\n\t\t\t\t\t\t<div class=\"elementor-container elementor-column-gap-default\">\n\t\t\t\t\t<div class=\"elementor-column elementor-col-100 elementor-top-column elementor-element elementor-element-23709e2f\" data-id=\"23709e2f\" data-element_type=\"column\" data-e-type=\"column\">\n\t\t\t<div class=\"elementor-widget-wrap elementor-element-populated\">\n\t\t\t\t\t\t<div class=\"elementor-element elementor-element-50fd7031 elementor-widget elementor-widget-heading\" data-id=\"50fd7031\" data-element_type=\"widget\" data-e-type=\"widget\" data-widget_type=\"heading.default\">\n\t\t\t\t<div class=\"elementor-widget-container\">\n\t\t\t\t\t<h2 class=\"elementor-heading-title elementor-size-default\">Bitte helfen Sie uns, einen Unterschied zu machen!<\/h2>\t\t\t\t<\/div>\n\t\t\t\t<\/div>\n\t\t\t\t\t<\/div>\n\t\t<\/div>\n\t\t\t\t\t<\/div>\n\t\t<\/section>\n\t\t\t\t<section class=\"elementor-section elementor-top-section elementor-element elementor-element-3e14784d elementor-section-boxed elementor-section-height-default elementor-section-height-default\" data-id=\"3e14784d\" data-element_type=\"section\" data-e-type=\"section\">\n\t\t\t\t\t\t<div class=\"elementor-container elementor-column-gap-default\">\n\t\t\t\t\t<div class=\"elementor-column elementor-col-33 elementor-top-column elementor-element elementor-element-5b9720a4\" data-id=\"5b9720a4\" data-element_type=\"column\" data-e-type=\"column\">\n\t\t\t<div class=\"elementor-widget-wrap elementor-element-populated\">\n\t\t\t\t\t\t<div class=\"elementor-element elementor-element-65ad1f1c elementor-widget elementor-widget-heading\" data-id=\"65ad1f1c\" data-element_type=\"widget\" data-e-type=\"widget\" data-widget_type=\"heading.default\">\n\t\t\t\t<div class=\"elementor-widget-container\">\n\t\t\t\t\t<h3 class=\"elementor-heading-title elementor-size-default\">via Bank Transfer<\/h3>\t\t\t\t<\/div>\n\t\t\t\t<\/div>\n\t\t\t\t<div class=\"elementor-element elementor-element-4286b4bd elementor-widget-divider--view-line elementor-widget elementor-widget-divider\" data-id=\"4286b4bd\" data-element_type=\"widget\" data-e-type=\"widget\" data-widget_type=\"divider.default\">\n\t\t\t\t<div class=\"elementor-widget-container\">\n\t\t\t\t\t\t\t<div class=\"elementor-divider\">\n\t\t\t<span class=\"elementor-divider-separator\">\n\t\t\t\t\t\t<\/span>\n\t\t<\/div>\n\t\t\t\t\t\t<\/div>\n\t\t\t\t<\/div>\n\t\t\t\t<div class=\"elementor-element elementor-element-4df2243a elementor-widget elementor-widget-text-editor\" data-id=\"4df2243a\" data-element_type=\"widget\" data-e-type=\"widget\" data-widget_type=\"text-editor.default\">\n\t\t\t\t<div class=\"elementor-widget-container\">\n\t\t\t\t\t\t\t\t\t<p class=\"textwidget\"><em>Bank:<\/em><br \/>\n<strong>BANCO POPULAR<\/strong><\/p>\n<p class=\"textwidget\"><em>IBAN:<\/em><br \/>\n<strong>ES22 0075 3489 2406 0025 5072<\/strong><\/p>\n<p class=\"textwidget\"><em>BIC:<\/em><br \/>\n<strong>POPUESMM<\/strong><\/p>\n\t\t\t\t\t\t\t\t<\/div>\n\t\t\t\t<\/div>\n\t\t\t\t\t<\/div>\n\t\t<\/div>\n\t\t\t\t<div class=\"elementor-column elementor-col-33 elementor-top-column elementor-element elementor-element-624b88ff\" data-id=\"624b88ff\" data-element_type=\"column\" data-e-type=\"column\">\n\t\t\t<div class=\"elementor-widget-wrap elementor-element-populated\">\n\t\t\t\t\t\t<div class=\"elementor-element elementor-element-35bd2040 elementor-widget elementor-widget-heading\" data-id=\"35bd2040\" data-element_type=\"widget\" data-e-type=\"widget\" data-widget_type=\"heading.default\">\n\t\t\t\t<div class=\"elementor-widget-container\">\n\t\t\t\t\t<h3 class=\"elementor-heading-title elementor-size-default\">via PayPal<\/h3>\t\t\t\t<\/div>\n\t\t\t\t<\/div>\n\t\t\t\t<div class=\"elementor-element elementor-element-b6767f0 elementor-widget-divider--view-line elementor-widget elementor-widget-divider\" data-id=\"b6767f0\" data-element_type=\"widget\" data-e-type=\"widget\" data-widget_type=\"divider.default\">\n\t\t\t\t<div class=\"elementor-widget-container\">\n\t\t\t\t\t\t\t<div class=\"elementor-divider\">\n\t\t\t<span class=\"elementor-divider-separator\">\n\t\t\t\t\t\t<\/span>\n\t\t<\/div>\n\t\t\t\t\t\t<\/div>\n\t\t\t\t<\/div>\n\t\t\t\t<div class=\"elementor-element elementor-element-4fc9daa6 elementor-widget elementor-widget-wp-widget-donation_button_admin_widget\" data-id=\"4fc9daa6\" data-element_type=\"widget\" data-e-type=\"widget\" data-widget_type=\"wp-widget-donation_button_admin_widget.default\">\n\t\t\t\t<div class=\"elementor-widget-container\">\n\t\t\t\t\t<div class=\"page-sidebar widget\" id=\"donation_buttons\"><form action=\"https:\/\/www.paypal.com\/cgi-bin\/webscr\" method=\"post\" target=\"_blank\" ><input type=\"hidden\" name=\"business\" value=\"info@serch.es\"><input type=\"hidden\" name=\"bn\" value=\"mbjtechnolabs_SP\"><input type=\"hidden\" name=\"cmd\" value=\"_donations\"><input type=\"hidden\" name=\"item_name\" value=\"S.E.A.R.C.H.\"><table ><tbody><tr><td><input style=\"margin-top:10px;\" type=\"image\" name=\"submit\" border=\"0\" src=\"https:\/\/serch.es\/wp-content\/uploads\/2018\/11\/paypal-donatel.png\" alt=\"PayPal - The safer, easier way to pay online\"><\/td><\/tr><\/tbody><\/table><input type=\"hidden\" name=\"currency_code\" value=\"EUR\"><input type=\"hidden\" name=\"notify_url\" value=\"https:\/\/serch.es\/?Donation_Button&#038;action=ipn_handler\"><\/form><\/div>\t\t\t\t<\/div>\n\t\t\t\t<\/div>\n\t\t\t\t\t<\/div>\n\t\t<\/div>\n\t\t\t\t<div class=\"elementor-column elementor-col-33 elementor-top-column elementor-element elementor-element-4d95dd1\" data-id=\"4d95dd1\" data-element_type=\"column\" data-e-type=\"column\">\n\t\t\t<div class=\"elementor-widget-wrap elementor-element-populated\">\n\t\t\t\t\t\t<div class=\"elementor-element elementor-element-1b683229 elementor-widget elementor-widget-heading\" data-id=\"1b683229\" data-element_type=\"widget\" data-e-type=\"widget\" data-widget_type=\"heading.default\">\n\t\t\t\t<div class=\"elementor-widget-container\">\n\t\t\t\t\t<h3 class=\"elementor-heading-title elementor-size-default\">via FundRazr<\/h3>\t\t\t\t<\/div>\n\t\t\t\t<\/div>\n\t\t\t\t<div class=\"elementor-element elementor-element-4cba5ecb elementor-widget-divider--view-line elementor-widget elementor-widget-divider\" data-id=\"4cba5ecb\" data-element_type=\"widget\" data-e-type=\"widget\" data-widget_type=\"divider.default\">\n\t\t\t\t<div class=\"elementor-widget-container\">\n\t\t\t\t\t\t\t<div class=\"elementor-divider\">\n\t\t\t<span class=\"elementor-divider-separator\">\n\t\t\t\t\t\t<\/span>\n\t\t<\/div>\n\t\t\t\t\t\t<\/div>\n\t\t\t\t<\/div>\n\t\t\t\t<div class=\"elementor-element elementor-element-66d8e45f elementor-widget elementor-widget-spacer\" data-id=\"66d8e45f\" data-element_type=\"widget\" data-e-type=\"widget\" data-widget_type=\"spacer.default\">\n\t\t\t\t<div class=\"elementor-widget-container\">\n\t\t\t\t\t\t\t<div class=\"elementor-spacer\">\n\t\t\t<div class=\"elementor-spacer-inner\"><\/div>\n\t\t<\/div>\n\t\t\t\t\t\t<\/div>\n\t\t\t\t<\/div>\n\t\t\t\t<div class=\"elementor-element elementor-element-1b50139b elementor-widget elementor-widget-image\" data-id=\"1b50139b\" data-element_type=\"widget\" data-e-type=\"widget\" data-widget_type=\"image.default\">\n\t\t\t\t<div class=\"elementor-widget-container\">\n\t\t\t\t\t\t\t\t\t\t\t\t\t\t\t\t<a href=\"http:\/\/fnd.us\/c\/b16S3f\/sh\/45Vh42\" target=\"_blank\">\n\t\t\t\t\t\t\t<img decoding=\"async\" width=\"320\" height=\"79\" src=\"https:\/\/serch.es\/wp-content\/uploads\/2018\/11\/fundrazr.png\" class=\"attachment-full size-full wp-image-872\" alt=\"\" srcset=\"https:\/\/serch.es\/wp-content\/uploads\/2018\/11\/fundrazr.png 320w, https:\/\/serch.es\/wp-content\/uploads\/2018\/11\/fundrazr-300x74.png 300w\" sizes=\"(max-width: 320px) 100vw, 320px\" \/>\t\t\t\t\t\t\t\t<\/a>\n\t\t\t\t\t\t\t\t\t\t\t\t\t\t\t<\/div>\n\t\t\t\t<\/div>\n\t\t\t\t\t<\/div>\n\t\t<\/div>\n\t\t\t\t\t<\/div>\n\t\t<\/section>\n\t\t\t\t<\/div>\n\t\t","protected":false},"excerpt":{"rendered":"<p>Susan und Alan Perry \u2022 Finca El Sue\u00f1o, Coin Die von S.E.A.R.C.H. geretteten Pferde leben auf unserem Hof, der gleichzeitig auch unser Zuhause ist. So k\u00f6nnen wir 24\/7 nach ihnen sehen. Wir haben keine festangestellten Mitarbeiter, die uns bei den t\u00e4glichen Aufgaben helfen. Dazu geh\u00f6ren unter anderem das Ausmisten der St\u00e4lle, die F\u00fctterung und die [&hellip;]<\/p>\n","protected":false},"author":1,"featured_media":0,"parent":0,"menu_order":0,"comment_status":"closed","ping_status":"closed","template":"","meta":{"_monsterinsights_skip_tracking":false,"_monsterinsights_sitenote_active":false,"_monsterinsights_sitenote_note":"","_monsterinsights_sitenote_category":0,"site-sidebar-layout":"default","site-content-layout":"default","ast-site-content-layout":"default","site-content-style":"default","site-sidebar-style":"default","ast-global-header-display":"","ast-banner-title-visibility":"","ast-main-header-display":"","ast-hfb-above-header-display":"","ast-hfb-below-header-display":"","ast-hfb-mobile-header-display":"","site-post-title":"disabled","ast-breadcrumbs-content":"","ast-featured-img":"","footer-sml-layout":"","ast-disable-related-posts":"","theme-transparent-header-meta":"","adv-header-id-meta":"","stick-header-meta":"","header-above-stick-meta":"","header-main-stick-meta":"","header-below-stick-meta":"","astra-migrate-meta-layouts":"default","ast-page-background-enabled":"default","ast-page-background-meta":{"desktop":{"background-color":"","background-image":"","background-repeat":"repeat","background-position":"center center","background-size":"auto","background-attachment":"scroll","background-type":"","background-media":"","overlay-type":"","overlay-color":"","overlay-opacity":"","overlay-gradient":""},"tablet":{"background-color":"","background-image":"","background-repeat":"repeat","background-position":"center center","background-size":"auto","background-attachment":"scroll","background-type":"","background-media":"","overlay-type":"","overlay-color":"","overlay-opacity":"","overlay-gradient":""},"mobile":{"background-color":"","background-image":"","background-repeat":"repeat","background-position":"center center","background-size":"auto","background-attachment":"scroll","background-type":"","background-media":"","overlay-type":"","overlay-color":"","overlay-opacity":"","overlay-gradient":""}},"ast-content-background-meta":{"desktop":{"background-color":"var(--ast-global-color-5)","background-image":"","background-repeat":"repeat","background-position":"center center","background-size":"auto","background-attachment":"scroll","background-type":"","background-media":"","overlay-type":"","overlay-color":"","overlay-opacity":"","overlay-gradient":""},"tablet":{"background-color":"var(--ast-global-color-5)","background-image":"","background-repeat":"repeat","background-position":"center center","background-size":"auto","background-attachment":"scroll","background-type":"","background-media":"","overlay-type":"","overlay-color":"","overlay-opacity":"","overlay-gradient":""},"mobile":{"background-color":"var(--ast-global-color-5)","background-image":"","background-repeat":"repeat","background-position":"center center","background-size":"auto","background-attachment":"scroll","background-type":"","background-media":"","overlay-type":"","overlay-color":"","overlay-opacity":"","overlay-gradient":""}},"footnotes":""},"class_list":["post-1032","page","type-page","status-publish","hentry"],"yoast_head":"<!-- This site is optimized with the Yoast SEO plugin v27.6 - https:\/\/yoast.com\/product\/yoast-seo-wordpress\/ -->\n<title>\u00dcber uns - S.E.A.R.C.H.<\/title>\n<meta name=\"robots\" content=\"index, follow, max-snippet:-1, max-image-preview:large, max-video-preview:-1\" \/>\n<link rel=\"canonical\" href=\"https:\/\/serch.es\/de\/uber-uns\/\" \/>\n<meta property=\"og:locale\" content=\"de_DE\" \/>\n<meta property=\"og:type\" content=\"article\" \/>\n<meta property=\"og:title\" content=\"\u00dcber uns - S.E.A.R.C.H.\" \/>\n<meta property=\"og:description\" content=\"Susan und Alan Perry \u2022 Finca El Sue\u00f1o, Coin Die von S.E.A.R.C.H. geretteten Pferde leben auf unserem Hof, der gleichzeitig auch unser Zuhause ist. So k\u00f6nnen wir 24\/7 nach ihnen sehen. Wir haben keine festangestellten Mitarbeiter, die uns bei den t\u00e4glichen Aufgaben helfen. Dazu geh\u00f6ren unter anderem das Ausmisten der St\u00e4lle, die F\u00fctterung und die [&hellip;]\" \/>\n<meta property=\"og:url\" content=\"https:\/\/serch.es\/de\/uber-uns\/\" \/>\n<meta property=\"og:site_name\" content=\"S.E.A.R.C.H.\" \/>\n<meta property=\"article:publisher\" content=\"https:\/\/www.facebook.com\/SpanishEquineAssociation\/\" \/>\n<meta property=\"article:modified_time\" content=\"2024-02-08T20:29:39+00:00\" \/>\n<meta property=\"og:image\" content=\"https:\/\/serch.es\/wp-content\/uploads\/2016\/10\/finca.jpg\" \/>\n<meta name=\"twitter:card\" content=\"summary_large_image\" \/>\n<meta name=\"twitter:label1\" content=\"Gesch\u00e4tzte Lesezeit\" \/>\n\t<meta name=\"twitter:data1\" content=\"1\u00a0Minute\" \/>\n<script type=\"application\/ld+json\" class=\"yoast-schema-graph\">{\"@context\":\"https:\\\/\\\/schema.org\",\"@graph\":[{\"@type\":\"WebPage\",\"@id\":\"https:\\\/\\\/serch.es\\\/de\\\/uber-uns\\\/\",\"url\":\"https:\\\/\\\/serch.es\\\/de\\\/uber-uns\\\/\",\"name\":\"\u00dcber uns - S.E.A.R.C.H.\",\"isPartOf\":{\"@id\":\"https:\\\/\\\/serch.es\\\/de\\\/#website\"},\"primaryImageOfPage\":{\"@id\":\"https:\\\/\\\/serch.es\\\/de\\\/uber-uns\\\/#primaryimage\"},\"image\":{\"@id\":\"https:\\\/\\\/serch.es\\\/de\\\/uber-uns\\\/#primaryimage\"},\"thumbnailUrl\":\"https:\\\/\\\/serch.es\\\/wp-content\\\/uploads\\\/2016\\\/10\\\/finca.jpg\",\"datePublished\":\"2019-01-02T14:30:45+00:00\",\"dateModified\":\"2024-02-08T20:29:39+00:00\",\"breadcrumb\":{\"@id\":\"https:\\\/\\\/serch.es\\\/de\\\/uber-uns\\\/#breadcrumb\"},\"inLanguage\":\"de\",\"potentialAction\":[{\"@type\":\"ReadAction\",\"target\":[\"https:\\\/\\\/serch.es\\\/de\\\/uber-uns\\\/\"]}]},{\"@type\":\"ImageObject\",\"inLanguage\":\"de\",\"@id\":\"https:\\\/\\\/serch.es\\\/de\\\/uber-uns\\\/#primaryimage\",\"url\":\"https:\\\/\\\/serch.es\\\/wp-content\\\/uploads\\\/2016\\\/10\\\/finca.jpg\",\"contentUrl\":\"https:\\\/\\\/serch.es\\\/wp-content\\\/uploads\\\/2016\\\/10\\\/finca.jpg\"},{\"@type\":\"BreadcrumbList\",\"@id\":\"https:\\\/\\\/serch.es\\\/de\\\/uber-uns\\\/#breadcrumb\",\"itemListElement\":[{\"@type\":\"ListItem\",\"position\":1,\"name\":\"Home\",\"item\":\"https:\\\/\\\/serch.es\\\/de\\\/\"},{\"@type\":\"ListItem\",\"position\":2,\"name\":\"\u00dcber uns\"}]},{\"@type\":\"WebSite\",\"@id\":\"https:\\\/\\\/serch.es\\\/de\\\/#website\",\"url\":\"https:\\\/\\\/serch.es\\\/de\\\/\",\"name\":\"S.E.A.R.C.H.\",\"description\":\"\",\"publisher\":{\"@id\":\"https:\\\/\\\/serch.es\\\/de\\\/#organization\"},\"potentialAction\":[{\"@type\":\"SearchAction\",\"target\":{\"@type\":\"EntryPoint\",\"urlTemplate\":\"https:\\\/\\\/serch.es\\\/de\\\/?s={search_term_string}\"},\"query-input\":{\"@type\":\"PropertyValueSpecification\",\"valueRequired\":true,\"valueName\":\"search_term_string\"}}],\"inLanguage\":\"de\"},{\"@type\":\"Organization\",\"@id\":\"https:\\\/\\\/serch.es\\\/de\\\/#organization\",\"name\":\"S.E.A.R.C.H.\",\"url\":\"https:\\\/\\\/serch.es\\\/de\\\/\",\"logo\":{\"@type\":\"ImageObject\",\"inLanguage\":\"de\",\"@id\":\"https:\\\/\\\/serch.es\\\/de\\\/#\\\/schema\\\/logo\\\/image\\\/\",\"url\":\"https:\\\/\\\/serch.es\\\/wp-content\\\/uploads\\\/2016\\\/10\\\/search-logo.jpg\",\"contentUrl\":\"https:\\\/\\\/serch.es\\\/wp-content\\\/uploads\\\/2016\\\/10\\\/search-logo.jpg\",\"width\":341,\"height\":223,\"caption\":\"S.E.A.R.C.H.\"},\"image\":{\"@id\":\"https:\\\/\\\/serch.es\\\/de\\\/#\\\/schema\\\/logo\\\/image\\\/\"},\"sameAs\":[\"https:\\\/\\\/www.facebook.com\\\/SpanishEquineAssociation\\\/\"]}]}<\/script>\n<!-- \/ Yoast SEO plugin. -->","yoast_head_json":{"title":"\u00dcber uns - S.E.A.R.C.H.","robots":{"index":"index","follow":"follow","max-snippet":"max-snippet:-1","max-image-preview":"max-image-preview:large","max-video-preview":"max-video-preview:-1"},"canonical":"https:\/\/serch.es\/de\/uber-uns\/","og_locale":"de_DE","og_type":"article","og_title":"\u00dcber uns - S.E.A.R.C.H.","og_description":"Susan und Alan Perry \u2022 Finca El Sue\u00f1o, Coin Die von S.E.A.R.C.H. geretteten Pferde leben auf unserem Hof, der gleichzeitig auch unser Zuhause ist. So k\u00f6nnen wir 24\/7 nach ihnen sehen. Wir haben keine festangestellten Mitarbeiter, die uns bei den t\u00e4glichen Aufgaben helfen. Dazu geh\u00f6ren unter anderem das Ausmisten der St\u00e4lle, die F\u00fctterung und die [&hellip;]","og_url":"https:\/\/serch.es\/de\/uber-uns\/","og_site_name":"S.E.A.R.C.H.","article_publisher":"https:\/\/www.facebook.com\/SpanishEquineAssociation\/","article_modified_time":"2024-02-08T20:29:39+00:00","og_image":[{"url":"https:\/\/serch.es\/wp-content\/uploads\/2016\/10\/finca.jpg","type":"","width":"","height":""}],"twitter_card":"summary_large_image","twitter_misc":{"Gesch\u00e4tzte Lesezeit":"1\u00a0Minute"},"schema":{"@context":"https:\/\/schema.org","@graph":[{"@type":"WebPage","@id":"https:\/\/serch.es\/de\/uber-uns\/","url":"https:\/\/serch.es\/de\/uber-uns\/","name":"\u00dcber uns - S.E.A.R.C.H.","isPartOf":{"@id":"https:\/\/serch.es\/de\/#website"},"primaryImageOfPage":{"@id":"https:\/\/serch.es\/de\/uber-uns\/#primaryimage"},"image":{"@id":"https:\/\/serch.es\/de\/uber-uns\/#primaryimage"},"thumbnailUrl":"https:\/\/serch.es\/wp-content\/uploads\/2016\/10\/finca.jpg","datePublished":"2019-01-02T14:30:45+00:00","dateModified":"2024-02-08T20:29:39+00:00","breadcrumb":{"@id":"https:\/\/serch.es\/de\/uber-uns\/#breadcrumb"},"inLanguage":"de","potentialAction":[{"@type":"ReadAction","target":["https:\/\/serch.es\/de\/uber-uns\/"]}]},{"@type":"ImageObject","inLanguage":"de","@id":"https:\/\/serch.es\/de\/uber-uns\/#primaryimage","url":"https:\/\/serch.es\/wp-content\/uploads\/2016\/10\/finca.jpg","contentUrl":"https:\/\/serch.es\/wp-content\/uploads\/2016\/10\/finca.jpg"},{"@type":"BreadcrumbList","@id":"https:\/\/serch.es\/de\/uber-uns\/#breadcrumb","itemListElement":[{"@type":"ListItem","position":1,"name":"Home","item":"https:\/\/serch.es\/de\/"},{"@type":"ListItem","position":2,"name":"\u00dcber uns"}]},{"@type":"WebSite","@id":"https:\/\/serch.es\/de\/#website","url":"https:\/\/serch.es\/de\/","name":"S.E.A.R.C.H.","description":"","publisher":{"@id":"https:\/\/serch.es\/de\/#organization"},"potentialAction":[{"@type":"SearchAction","target":{"@type":"EntryPoint","urlTemplate":"https:\/\/serch.es\/de\/?s={search_term_string}"},"query-input":{"@type":"PropertyValueSpecification","valueRequired":true,"valueName":"search_term_string"}}],"inLanguage":"de"},{"@type":"Organization","@id":"https:\/\/serch.es\/de\/#organization","name":"S.E.A.R.C.H.","url":"https:\/\/serch.es\/de\/","logo":{"@type":"ImageObject","inLanguage":"de","@id":"https:\/\/serch.es\/de\/#\/schema\/logo\/image\/","url":"https:\/\/serch.es\/wp-content\/uploads\/2016\/10\/search-logo.jpg","contentUrl":"https:\/\/serch.es\/wp-content\/uploads\/2016\/10\/search-logo.jpg","width":341,"height":223,"caption":"S.E.A.R.C.H."},"image":{"@id":"https:\/\/serch.es\/de\/#\/schema\/logo\/image\/"},"sameAs":["https:\/\/www.facebook.com\/SpanishEquineAssociation\/"]}]}},"_links":{"self":[{"href":"https:\/\/serch.es\/de\/wp-json\/wp\/v2\/pages\/1032","targetHints":{"allow":["GET"]}}],"collection":[{"href":"https:\/\/serch.es\/de\/wp-json\/wp\/v2\/pages"}],"about":[{"href":"https:\/\/serch.es\/de\/wp-json\/wp\/v2\/types\/page"}],"author":[{"embeddable":true,"href":"https:\/\/serch.es\/de\/wp-json\/wp\/v2\/users\/1"}],"replies":[{"embeddable":true,"href":"https:\/\/serch.es\/de\/wp-json\/wp\/v2\/comments?post=1032"}],"version-history":[{"count":3,"href":"https:\/\/serch.es\/de\/wp-json\/wp\/v2\/pages\/1032\/revisions"}],"predecessor-version":[{"id":1835,"href":"https:\/\/serch.es\/de\/wp-json\/wp\/v2\/pages\/1032\/revisions\/1835"}],"wp:attachment":[{"href":"https:\/\/serch.es\/de\/wp-json\/wp\/v2\/media?parent=1032"}],"curies":[{"name":"wp","href":"https:\/\/api.w.org\/{rel}","templated":true}]}}