{"id":1030,"date":"2019-01-02T14:23:50","date_gmt":"2019-01-02T14:23:50","guid":{"rendered":"https:\/\/serch.es\/pferde-die-ein-zuhause-suchen\/"},"modified":"2019-01-05T13:15:31","modified_gmt":"2019-01-05T13:15:31","slug":"pferde-die-ein-zuhause-suchen","status":"publish","type":"page","link":"https:\/\/serch.es\/de\/pferde-die-ein-zuhause-suchen\/","title":{"rendered":"Pferde, die ein Zuhause suchen"},"content":{"rendered":"\t\t<div data-elementor-type=\"wp-post\" data-elementor-id=\"1030\" class=\"elementor elementor-1030 elementor-bc-flex-widget\">\n\t\t\t\t\t\t<section class=\"elementor-section elementor-top-section elementor-element elementor-element-619ddd45 elementor-section-boxed elementor-section-height-default elementor-section-height-default\" data-id=\"619ddd45\" data-element_type=\"section\" data-e-type=\"section\">\n\t\t\t\t\t\t<div class=\"elementor-container elementor-column-gap-default\">\n\t\t\t\t\t<div class=\"elementor-column elementor-col-100 elementor-top-column elementor-element elementor-element-32ccb715\" data-id=\"32ccb715\" data-element_type=\"column\" data-e-type=\"column\">\n\t\t\t<div class=\"elementor-widget-wrap elementor-element-populated\">\n\t\t\t\t\t\t<div class=\"elementor-element elementor-element-5d127664 elementor-widget elementor-widget-shortcode\" data-id=\"5d127664\" data-element_type=\"widget\" data-e-type=\"widget\" data-widget_type=\"shortcode.default\">\n\t\t\t\t<div class=\"elementor-widget-container\">\n\t\t\t\t\t\t\t<div class=\"elementor-shortcode\"><div class=\"pt-cv-wrapper\"><div class=\"pt-cv-view pt-cv-grid pt-cv-colsys\" id=\"pt-cv-view-63749b0ji6\"><div data-id=\"pt-cv-page-1\" class=\"pt-cv-page cv-npf\" data-cvc=\"1\"><div class=\"col-md-12 col-sm-12 col-xs-12 pt-cv-content-item pt-cv-2-col\" ><div class='pt-cv-ifield'><div class=\"pt-cv-no-post\">Es wurden keine Beitr\u00e4ge gefunden.<\/div><\/div><\/div><\/div><\/div><\/div><\/div>\n\t\t\t\t\t\t<\/div>\n\t\t\t\t<\/div>\n\t\t\t\t\t<\/div>\n\t\t<\/div>\n\t\t\t\t\t<\/div>\n\t\t<\/section>\n\t\t\t\t<section class=\"elementor-section elementor-top-section elementor-element elementor-element-c769ccb elementor-section-boxed elementor-section-height-default elementor-section-height-default\" data-id=\"c769ccb\" data-element_type=\"section\" data-e-type=\"section\">\n\t\t\t\t\t\t<div class=\"elementor-container elementor-column-gap-default\">\n\t\t\t\t\t<div class=\"elementor-column elementor-col-100 elementor-top-column elementor-element elementor-element-194ae4f\" data-id=\"194ae4f\" data-element_type=\"column\" data-e-type=\"column\">\n\t\t\t<div class=\"elementor-widget-wrap elementor-element-populated\">\n\t\t\t\t\t\t<div class=\"elementor-element elementor-element-bbcdbab elementor-widget elementor-widget-heading\" data-id=\"bbcdbab\" data-element_type=\"widget\" data-e-type=\"widget\" data-widget_type=\"heading.default\">\n\t\t\t\t<div class=\"elementor-widget-container\">\n\t\t\t\t\t<h2 class=\"elementor-heading-title elementor-size-default\">Kriterien f\u00fcr die Wiederunterbringung eines geretteten Pferdes<\/h2>\t\t\t\t<\/div>\n\t\t\t\t<\/div>\n\t\t\t\t\t<\/div>\n\t\t<\/div>\n\t\t\t\t\t<\/div>\n\t\t<\/section>\n\t\t\t\t<section class=\"elementor-section elementor-top-section elementor-element elementor-element-45eb0b49 elementor-section-boxed elementor-section-height-default elementor-section-height-default\" data-id=\"45eb0b49\" data-element_type=\"section\" data-e-type=\"section\">\n\t\t\t\t\t\t<div class=\"elementor-container elementor-column-gap-default\">\n\t\t\t\t\t<div class=\"elementor-column elementor-col-33 elementor-top-column elementor-element elementor-element-3de90ac8\" data-id=\"3de90ac8\" data-element_type=\"column\" data-e-type=\"column\">\n\t\t\t<div class=\"elementor-widget-wrap elementor-element-populated\">\n\t\t\t\t\t\t<div class=\"elementor-element elementor-element-216b6070 elementor-widget elementor-widget-image\" data-id=\"216b6070\" data-element_type=\"widget\" data-e-type=\"widget\" data-widget_type=\"image.default\">\n\t\t\t\t<div class=\"elementor-widget-container\">\n\t\t\t\t\t\t\t\t\t\t\t\t\t\t\t<img fetchpriority=\"high\" decoding=\"async\" width=\"640\" height=\"438\" src=\"https:\/\/serch.es\/wp-content\/uploads\/2016\/10\/rescue.jpg\" class=\"attachment-full size-full wp-image-810\" alt=\"\" srcset=\"https:\/\/serch.es\/wp-content\/uploads\/2016\/10\/rescue.jpg 640w, https:\/\/serch.es\/wp-content\/uploads\/2016\/10\/rescue-300x205.jpg 300w\" sizes=\"(max-width: 640px) 100vw, 640px\" \/>\t\t\t\t\t\t\t\t\t\t\t\t\t\t\t<\/div>\n\t\t\t\t<\/div>\n\t\t\t\t\t<\/div>\n\t\t<\/div>\n\t\t\t\t<div class=\"elementor-column elementor-col-66 elementor-top-column elementor-element elementor-element-5804fd5e\" data-id=\"5804fd5e\" data-element_type=\"column\" data-e-type=\"column\">\n\t\t\t<div class=\"elementor-widget-wrap elementor-element-populated\">\n\t\t\t\t\t\t<div class=\"elementor-element elementor-element-1d7b6c1b elementor-widget elementor-widget-text-editor\" data-id=\"1d7b6c1b\" data-element_type=\"widget\" data-e-type=\"widget\" data-widget_type=\"text-editor.default\">\n\t\t\t\t<div class=\"elementor-widget-container\">\n\t\t\t\t\t\t\t\t\t<p>Die von S.E.A.R.C.H. geretteten Pferde haben verschiedene Probleme, da sie einen<br \/>\nschlechten Start ins Leben hatten, weshalb sie \u00fcberhaupt erst in das Rettungszentrum<br \/>\nkamen.<\/p>\n<p>Die Priorit\u00e4t, wenn man ein neues, permanentes Zuhause f\u00fcr ein Pferd sucht, ist dessen<br \/>\nZufriedenheit. Deshalb ist ein passendes Umfeld f\u00fcr das Pferd essenziell und der zuk\u00fcnftige<br \/>\nHalter muss kompetent sein und das Mitgef\u00fchl besitzen, um sich richtig um das Pferd<br \/>\nk\u00fcmmern zu k\u00f6nnen.<\/p>\n\t\t\t\t\t\t\t\t<\/div>\n\t\t\t\t<\/div>\n\t\t\t\t\t<\/div>\n\t\t<\/div>\n\t\t\t\t\t<\/div>\n\t\t<\/section>\n\t\t\t\t<\/div>\n\t\t","protected":false},"excerpt":{"rendered":"<p>Kriterien f\u00fcr die Wiederunterbringung eines geretteten Pferdes Die von S.E.A.R.C.H. geretteten Pferde haben verschiedene Probleme, da sie einen schlechten Start ins Leben hatten, weshalb sie \u00fcberhaupt erst in das Rettungszentrum kamen. Die Priorit\u00e4t, wenn man ein neues, permanentes Zuhause f\u00fcr ein Pferd sucht, ist dessen Zufriedenheit. Deshalb ist ein passendes Umfeld f\u00fcr das Pferd essenziell [&hellip;]<\/p>\n","protected":false},"author":1,"featured_media":818,"parent":0,"menu_order":0,"comment_status":"closed","ping_status":"closed","template":"","meta":{"_monsterinsights_skip_tracking":false,"_monsterinsights_sitenote_active":false,"_monsterinsights_sitenote_note":"","_monsterinsights_sitenote_category":0,"site-sidebar-layout":"default","site-content-layout":"","ast-site-content-layout":"default","site-content-style":"default","site-sidebar-style":"default","ast-global-header-display":"","ast-banner-title-visibility":"","ast-main-header-display":"","ast-hfb-above-header-display":"","ast-hfb-below-header-display":"","ast-hfb-mobile-header-display":"","site-post-title":"","ast-breadcrumbs-content":"","ast-featured-img":"","footer-sml-layout":"","ast-disable-related-posts":"","theme-transparent-header-meta":"","adv-header-id-meta":"","stick-header-meta":"","header-above-stick-meta":"","header-main-stick-meta":"","header-below-stick-meta":"","astra-migrate-meta-layouts":"default","ast-page-background-enabled":"default","ast-page-background-meta":{"desktop":{"background-color":"","background-image":"","background-repeat":"repeat","background-position":"center center","background-size":"auto","background-attachment":"scroll","background-type":"","background-media":"","overlay-type":"","overlay-color":"","overlay-opacity":"","overlay-gradient":""},"tablet":{"background-color":"","background-image":"","background-repeat":"repeat","background-position":"center center","background-size":"auto","background-attachment":"scroll","background-type":"","background-media":"","overlay-type":"","overlay-color":"","overlay-opacity":"","overlay-gradient":""},"mobile":{"background-color":"","background-image":"","background-repeat":"repeat","background-position":"center center","background-size":"auto","background-attachment":"scroll","background-type":"","background-media":"","overlay-type":"","overlay-color":"","overlay-opacity":"","overlay-gradient":""}},"ast-content-background-meta":{"desktop":{"background-color":"var(--ast-global-color-5)","background-image":"","background-repeat":"repeat","background-position":"center center","background-size":"auto","background-attachment":"scroll","background-type":"","background-media":"","overlay-type":"","overlay-color":"","overlay-opacity":"","overlay-gradient":""},"tablet":{"background-color":"var(--ast-global-color-5)","background-image":"","background-repeat":"repeat","background-position":"center center","background-size":"auto","background-attachment":"scroll","background-type":"","background-media":"","overlay-type":"","overlay-color":"","overlay-opacity":"","overlay-gradient":""},"mobile":{"background-color":"var(--ast-global-color-5)","background-image":"","background-repeat":"repeat","background-position":"center center","background-size":"auto","background-attachment":"scroll","background-type":"","background-media":"","overlay-type":"","overlay-color":"","overlay-opacity":"","overlay-gradient":""}},"footnotes":""},"class_list":["post-1030","page","type-page","status-publish","has-post-thumbnail","hentry"],"yoast_head":"<!-- This site is optimized with the Yoast SEO plugin v27.6 - https:\/\/yoast.com\/product\/yoast-seo-wordpress\/ -->\n<title>Pferde, die ein Zuhause suchen - S.E.A.R.C.H.<\/title>\n<meta name=\"robots\" content=\"index, follow, max-snippet:-1, max-image-preview:large, max-video-preview:-1\" \/>\n<link rel=\"canonical\" href=\"https:\/\/serch.es\/de\/pferde-die-ein-zuhause-suchen\/\" \/>\n<meta property=\"og:locale\" content=\"de_DE\" \/>\n<meta property=\"og:type\" content=\"article\" \/>\n<meta property=\"og:title\" content=\"Pferde, die ein Zuhause suchen - S.E.A.R.C.H.\" \/>\n<meta property=\"og:description\" content=\"Kriterien f\u00fcr die Wiederunterbringung eines geretteten Pferdes Die von S.E.A.R.C.H. geretteten Pferde haben verschiedene Probleme, da sie einen schlechten Start ins Leben hatten, weshalb sie \u00fcberhaupt erst in das Rettungszentrum kamen. Die Priorit\u00e4t, wenn man ein neues, permanentes Zuhause f\u00fcr ein Pferd sucht, ist dessen Zufriedenheit. Deshalb ist ein passendes Umfeld f\u00fcr das Pferd essenziell [&hellip;]\" \/>\n<meta property=\"og:url\" content=\"https:\/\/serch.es\/de\/pferde-die-ein-zuhause-suchen\/\" \/>\n<meta property=\"og:site_name\" content=\"S.E.A.R.C.H.\" \/>\n<meta property=\"article:publisher\" content=\"https:\/\/www.facebook.com\/SpanishEquineAssociation\/\" \/>\n<meta property=\"article:modified_time\" content=\"2019-01-05T13:15:31+00:00\" \/>\n<meta property=\"og:image\" content=\"https:\/\/serch.es\/wp-content\/uploads\/2016\/10\/home.png\" \/>\n\t<meta property=\"og:image:width\" content=\"62\" \/>\n\t<meta property=\"og:image:height\" content=\"50\" \/>\n\t<meta property=\"og:image:type\" content=\"image\/png\" \/>\n<meta name=\"twitter:card\" content=\"summary_large_image\" \/>\n<script type=\"application\/ld+json\" class=\"yoast-schema-graph\">{\"@context\":\"https:\\\/\\\/schema.org\",\"@graph\":[{\"@type\":\"WebPage\",\"@id\":\"https:\\\/\\\/serch.es\\\/de\\\/pferde-die-ein-zuhause-suchen\\\/\",\"url\":\"https:\\\/\\\/serch.es\\\/de\\\/pferde-die-ein-zuhause-suchen\\\/\",\"name\":\"Pferde, die ein Zuhause suchen - S.E.A.R.C.H.\",\"isPartOf\":{\"@id\":\"https:\\\/\\\/serch.es\\\/de\\\/#website\"},\"primaryImageOfPage\":{\"@id\":\"https:\\\/\\\/serch.es\\\/de\\\/pferde-die-ein-zuhause-suchen\\\/#primaryimage\"},\"image\":{\"@id\":\"https:\\\/\\\/serch.es\\\/de\\\/pferde-die-ein-zuhause-suchen\\\/#primaryimage\"},\"thumbnailUrl\":\"https:\\\/\\\/serch.es\\\/wp-content\\\/uploads\\\/2016\\\/10\\\/home.png\",\"datePublished\":\"2019-01-02T14:23:50+00:00\",\"dateModified\":\"2019-01-05T13:15:31+00:00\",\"breadcrumb\":{\"@id\":\"https:\\\/\\\/serch.es\\\/de\\\/pferde-die-ein-zuhause-suchen\\\/#breadcrumb\"},\"inLanguage\":\"de\",\"potentialAction\":[{\"@type\":\"ReadAction\",\"target\":[\"https:\\\/\\\/serch.es\\\/de\\\/pferde-die-ein-zuhause-suchen\\\/\"]}]},{\"@type\":\"ImageObject\",\"inLanguage\":\"de\",\"@id\":\"https:\\\/\\\/serch.es\\\/de\\\/pferde-die-ein-zuhause-suchen\\\/#primaryimage\",\"url\":\"https:\\\/\\\/serch.es\\\/wp-content\\\/uploads\\\/2016\\\/10\\\/home.png\",\"contentUrl\":\"https:\\\/\\\/serch.es\\\/wp-content\\\/uploads\\\/2016\\\/10\\\/home.png\",\"width\":62,\"height\":50},{\"@type\":\"BreadcrumbList\",\"@id\":\"https:\\\/\\\/serch.es\\\/de\\\/pferde-die-ein-zuhause-suchen\\\/#breadcrumb\",\"itemListElement\":[{\"@type\":\"ListItem\",\"position\":1,\"name\":\"Home\",\"item\":\"https:\\\/\\\/serch.es\\\/de\\\/\"},{\"@type\":\"ListItem\",\"position\":2,\"name\":\"Pferde, die ein Zuhause suchen\"}]},{\"@type\":\"WebSite\",\"@id\":\"https:\\\/\\\/serch.es\\\/de\\\/#website\",\"url\":\"https:\\\/\\\/serch.es\\\/de\\\/\",\"name\":\"S.E.A.R.C.H.\",\"description\":\"\",\"publisher\":{\"@id\":\"https:\\\/\\\/serch.es\\\/de\\\/#organization\"},\"potentialAction\":[{\"@type\":\"SearchAction\",\"target\":{\"@type\":\"EntryPoint\",\"urlTemplate\":\"https:\\\/\\\/serch.es\\\/de\\\/?s={search_term_string}\"},\"query-input\":{\"@type\":\"PropertyValueSpecification\",\"valueRequired\":true,\"valueName\":\"search_term_string\"}}],\"inLanguage\":\"de\"},{\"@type\":\"Organization\",\"@id\":\"https:\\\/\\\/serch.es\\\/de\\\/#organization\",\"name\":\"S.E.A.R.C.H.\",\"url\":\"https:\\\/\\\/serch.es\\\/de\\\/\",\"logo\":{\"@type\":\"ImageObject\",\"inLanguage\":\"de\",\"@id\":\"https:\\\/\\\/serch.es\\\/de\\\/#\\\/schema\\\/logo\\\/image\\\/\",\"url\":\"https:\\\/\\\/serch.es\\\/wp-content\\\/uploads\\\/2016\\\/10\\\/search-logo.jpg\",\"contentUrl\":\"https:\\\/\\\/serch.es\\\/wp-content\\\/uploads\\\/2016\\\/10\\\/search-logo.jpg\",\"width\":341,\"height\":223,\"caption\":\"S.E.A.R.C.H.\"},\"image\":{\"@id\":\"https:\\\/\\\/serch.es\\\/de\\\/#\\\/schema\\\/logo\\\/image\\\/\"},\"sameAs\":[\"https:\\\/\\\/www.facebook.com\\\/SpanishEquineAssociation\\\/\"]}]}<\/script>\n<!-- \/ Yoast SEO plugin. -->","yoast_head_json":{"title":"Pferde, die ein Zuhause suchen - S.E.A.R.C.H.","robots":{"index":"index","follow":"follow","max-snippet":"max-snippet:-1","max-image-preview":"max-image-preview:large","max-video-preview":"max-video-preview:-1"},"canonical":"https:\/\/serch.es\/de\/pferde-die-ein-zuhause-suchen\/","og_locale":"de_DE","og_type":"article","og_title":"Pferde, die ein Zuhause suchen - S.E.A.R.C.H.","og_description":"Kriterien f\u00fcr die Wiederunterbringung eines geretteten Pferdes Die von S.E.A.R.C.H. geretteten Pferde haben verschiedene Probleme, da sie einen schlechten Start ins Leben hatten, weshalb sie \u00fcberhaupt erst in das Rettungszentrum kamen. Die Priorit\u00e4t, wenn man ein neues, permanentes Zuhause f\u00fcr ein Pferd sucht, ist dessen Zufriedenheit. Deshalb ist ein passendes Umfeld f\u00fcr das Pferd essenziell [&hellip;]","og_url":"https:\/\/serch.es\/de\/pferde-die-ein-zuhause-suchen\/","og_site_name":"S.E.A.R.C.H.","article_publisher":"https:\/\/www.facebook.com\/SpanishEquineAssociation\/","article_modified_time":"2019-01-05T13:15:31+00:00","og_image":[{"width":62,"height":50,"url":"https:\/\/serch.es\/wp-content\/uploads\/2016\/10\/home.png","type":"image\/png"}],"twitter_card":"summary_large_image","schema":{"@context":"https:\/\/schema.org","@graph":[{"@type":"WebPage","@id":"https:\/\/serch.es\/de\/pferde-die-ein-zuhause-suchen\/","url":"https:\/\/serch.es\/de\/pferde-die-ein-zuhause-suchen\/","name":"Pferde, die ein Zuhause suchen - S.E.A.R.C.H.","isPartOf":{"@id":"https:\/\/serch.es\/de\/#website"},"primaryImageOfPage":{"@id":"https:\/\/serch.es\/de\/pferde-die-ein-zuhause-suchen\/#primaryimage"},"image":{"@id":"https:\/\/serch.es\/de\/pferde-die-ein-zuhause-suchen\/#primaryimage"},"thumbnailUrl":"https:\/\/serch.es\/wp-content\/uploads\/2016\/10\/home.png","datePublished":"2019-01-02T14:23:50+00:00","dateModified":"2019-01-05T13:15:31+00:00","breadcrumb":{"@id":"https:\/\/serch.es\/de\/pferde-die-ein-zuhause-suchen\/#breadcrumb"},"inLanguage":"de","potentialAction":[{"@type":"ReadAction","target":["https:\/\/serch.es\/de\/pferde-die-ein-zuhause-suchen\/"]}]},{"@type":"ImageObject","inLanguage":"de","@id":"https:\/\/serch.es\/de\/pferde-die-ein-zuhause-suchen\/#primaryimage","url":"https:\/\/serch.es\/wp-content\/uploads\/2016\/10\/home.png","contentUrl":"https:\/\/serch.es\/wp-content\/uploads\/2016\/10\/home.png","width":62,"height":50},{"@type":"BreadcrumbList","@id":"https:\/\/serch.es\/de\/pferde-die-ein-zuhause-suchen\/#breadcrumb","itemListElement":[{"@type":"ListItem","position":1,"name":"Home","item":"https:\/\/serch.es\/de\/"},{"@type":"ListItem","position":2,"name":"Pferde, die ein Zuhause suchen"}]},{"@type":"WebSite","@id":"https:\/\/serch.es\/de\/#website","url":"https:\/\/serch.es\/de\/","name":"S.E.A.R.C.H.","description":"","publisher":{"@id":"https:\/\/serch.es\/de\/#organization"},"potentialAction":[{"@type":"SearchAction","target":{"@type":"EntryPoint","urlTemplate":"https:\/\/serch.es\/de\/?s={search_term_string}"},"query-input":{"@type":"PropertyValueSpecification","valueRequired":true,"valueName":"search_term_string"}}],"inLanguage":"de"},{"@type":"Organization","@id":"https:\/\/serch.es\/de\/#organization","name":"S.E.A.R.C.H.","url":"https:\/\/serch.es\/de\/","logo":{"@type":"ImageObject","inLanguage":"de","@id":"https:\/\/serch.es\/de\/#\/schema\/logo\/image\/","url":"https:\/\/serch.es\/wp-content\/uploads\/2016\/10\/search-logo.jpg","contentUrl":"https:\/\/serch.es\/wp-content\/uploads\/2016\/10\/search-logo.jpg","width":341,"height":223,"caption":"S.E.A.R.C.H."},"image":{"@id":"https:\/\/serch.es\/de\/#\/schema\/logo\/image\/"},"sameAs":["https:\/\/www.facebook.com\/SpanishEquineAssociation\/"]}]}},"_links":{"self":[{"href":"https:\/\/serch.es\/de\/wp-json\/wp\/v2\/pages\/1030","targetHints":{"allow":["GET"]}}],"collection":[{"href":"https:\/\/serch.es\/de\/wp-json\/wp\/v2\/pages"}],"about":[{"href":"https:\/\/serch.es\/de\/wp-json\/wp\/v2\/types\/page"}],"author":[{"embeddable":true,"href":"https:\/\/serch.es\/de\/wp-json\/wp\/v2\/users\/1"}],"replies":[{"embeddable":true,"href":"https:\/\/serch.es\/de\/wp-json\/wp\/v2\/comments?post=1030"}],"version-history":[{"count":0,"href":"https:\/\/serch.es\/de\/wp-json\/wp\/v2\/pages\/1030\/revisions"}],"wp:featuredmedia":[{"embeddable":true,"href":"https:\/\/serch.es\/de\/wp-json\/wp\/v2\/media\/818"}],"wp:attachment":[{"href":"https:\/\/serch.es\/de\/wp-json\/wp\/v2\/media?parent=1030"}],"curies":[{"name":"wp","href":"https:\/\/api.w.org\/{rel}","templated":true}]}}